{"id":6778,"date":"2025-04-24T16:23:52","date_gmt":"2025-04-24T14:23:52","guid":{"rendered":"https:\/\/fantipackaging.com\/usa\/?page_id=6778"},"modified":"2025-08-25T16:34:41","modified_gmt":"2025-08-25T14:34:41","slug":"lavora-con-noi","status":"publish","type":"page","link":"https:\/\/fantipackaging.com\/usa\/it\/lavora-con-noi\/","title":{"rendered":"lavora con noi"},"content":{"rendered":"<div class=\"wpb-content-wrapper\"><p>[vc_row full_width=&#8221;stretch_row_content&#8221; el_class=&#8221;topimage&#8221; css=&#8221;.vc_custom_1756132385864{background-image: url(https:\/\/fantipackaging.com\/usa\/wp-content\/uploads\/2025\/08\/top-lavora-con-noi.jpg?id=8289) !important;}&#8221;][vc_column][vc_empty_space][\/vc_column][\/vc_row][vc_row css=&#8221;.vc_custom_1745421531177{padding-top: 40px !important;}&#8221;][vc_column][vc_column_text css=&#8221;.vc_custom_1745501075060{margin-bottom: 15px !important;}&#8221;]<\/p>\n<h1 style=\"text-align: center;\"><img loading=\"lazy\" decoding=\"async\" class=\"alignnone size-full wp-image-6780\" src=\"https:\/\/fantipackaging.com\/usa\/wp-content\/uploads\/2025\/04\/lav.png\" alt=\"\" width=\"59\" height=\"50\" \/><\/h1>\n<h1 style=\"text-align: center;\">LAVORA CON NOI<\/h1>\n<p>[\/vc_column_text][vc_separator color=&#8221;custom&#8221; border_width=&#8221;10&#8243; el_width=&#8221;40&#8243; css=&#8221;.vc_custom_1745324909783{margin-bottom: 50px !important;}&#8221; accent_color=&#8221;#0E7A3F&#8221;][vc_column_text css=&#8221;.vc_custom_1745501088000{padding-top: 40px !important;padding-bottom: 40px !important;}&#8221;]<\/p>\n<p style=\"text-align: justify;\">In Fanti Packaging, crediamo che le\u00a0<strong>persone<\/strong>\u00a0siano il cuore pulsante del nostro successo. Valorizziamo ogni persona per le sue\u00a0<strong>specificit\u00e0<\/strong>, offrendo\u00a0<strong>trasparenza<\/strong>,\u00a0<strong>formazione<\/strong>\u00a0e\u00a0<strong>crescita<\/strong>\u00a0<strong>professionale<\/strong>\u00a0attraverso un\u00a0<strong>processo di on-boarding<\/strong>\u00a0adeguato a raggiungere il ruolo richiesto.<\/p>\n<p>[\/vc_column_text][\/vc_column][\/vc_row][vc_row css=&#8221;.vc_custom_1745421531177{padding-top: 40px !important;}&#8221;][vc_column][vc_column_text css=&#8221;.vc_custom_1745506003239{margin-bottom: 15px !important;}&#8221;]<\/p>\n<h1 style=\"text-align: center; font-size: 44px;\">POSIZIONI APERTE<\/h1>\n<p>[\/vc_column_text][vc_separator color=&#8221;custom&#8221; border_width=&#8221;10&#8243; el_width=&#8221;40&#8243; css=&#8221;.vc_custom_1745324909783{margin-bottom: 50px !important;}&#8221; accent_color=&#8221;#0E7A3F&#8221;][vc_empty_space height=&#8221;50px&#8221;]<div id=\"mpc_grid_posts_9169eb3294e0be2\" class=\"mpc-grid-posts mpc-init mpc-init mpc-transition mpc-overlay--slide-down mpc-item--fade mpc-layout--style_9  \"  data-grid-cols=\"3\"><div class=\"mpc-grid-sizer\"><\/div><div onclick=\"\" class=\"mpc-post\"><div class=\"mpc-post__wrapper\"><div class=\"mpc-post__content mpc-transition\"><h3 class=\"mpc-post__heading mpc-transition mpc-text-overflow\"><a href=\"https:\/\/fantipackaging.com\/usa\/it\/posizione_aperta\/back-office-commerciale\/\" title=\"Back office Commerciale\">Back office Commerciale<\/a><\/h3><div class=\"mpc-post__description\">Paese: Italia<br>\r\nSede operativa: Caselecchio di Reno<br>\r\nArea: Direzione Commerciale<br><\/div><a href=\"https:\/\/fantipackaging.com\/usa\/it\/posizione_aperta\/back-office-commerciale\/\" title=\"Back office Commerciale\"  class=\"mpc-button mpc-init mpc-transition \" ><div class=\"mpc-button__content mpc-effect-type--stay mpc-effect-side--right\"><span class=\"mpc-button__title mpc-transition\">Approfondisci<\/span><i class=\"mpc-button__icon mpc-transition  eti eti_arrow_right\"><\/i><\/div><div class=\"mpc-button__background mpc-transition mpc-effect-type--fade mpc-effect-side--in\"><\/div><\/a><\/div><\/div><\/div><\/div>[vc_empty_space height=&#8221;50px&#8221;]<style type=\"text\/css\" data-type=\"the7_shortcodes-inline-css\">#default-btn-0ddf151dc046a5397602d625e99bc21e.ico-right-side > i {\n  margin-right: 0px;\n  margin-left: 8px;\n}\n#default-btn-0ddf151dc046a5397602d625e99bc21e > i {\n  margin-right: 8px;\n}\n<\/style><div class=\"btn-align-center\"><a href=\"\/posizioni-aperte\/\" class=\"default-btn-shortcode dt-btn dt-btn-l link-hover-off full-width-btn \" id=\"default-btn-0ddf151dc046a5397602d625e99bc21e\"><span>Scopri tutte le posizioni aperte<\/span><\/a><\/div>[\/vc_column][\/vc_row][vc_row css=&#8221;.vc_custom_1745505871331{margin-top: 50px !important;padding-top: 70px !important;}&#8221;][vc_column][vc_row_inner][vc_column_inner width=&#8221;1\/4&#8243;][\/vc_column_inner][vc_column_inner width=&#8221;1\/2&#8243;][vc_column_text css=&#8221;.vc_custom_1745506013964{margin-bottom: 15px !important;}&#8221;]<\/p>\n<h1 style=\"text-align: center; font-size: 46px;\">SCOPRI COME FUNZIONA IL NOSTRO ITER DI SELEZIONE<\/h1>\n<p>[\/vc_column_text][\/vc_column_inner][vc_column_inner width=&#8221;1\/4&#8243;][\/vc_column_inner][\/vc_row_inner][vc_separator color=&#8221;custom&#8221; border_width=&#8221;10&#8243; el_width=&#8221;40&#8243; css=&#8221;.vc_custom_1745324909783{margin-bottom: 50px !important;}&#8221; accent_color=&#8221;#0E7A3F&#8221;]\n\t\t\t\t<p class=\"rs-p-wp-fix\"><\/p>\n\t\t\t\t<sr7-module data-alias=\"italianjob\" data-id=\"3\" id=\"SR7_3_1\" class=\"Class rs-ov-hidden\" data-version=\"6.7.52\">\n\t\t\t\t\t<sr7-adjuster><\/sr7-adjuster>\n\t\t\t\t\t<sr7-content>\n\t\t\t\t\t\t<sr7-slide id=\"SR7_3_1-3\" data-key=\"3\">\n\t\t\t\t\t\t\t<sr7-bg id=\"SR7_3_1-3-95\" class=\"sr7-layer\"><noscript><img decoding=\"async\" src=\"https:\/\/fantipackaging.com\/usa\/wp-content\/uploads\/2025\/06\/slide1-1.jpg\" alt=\"\" title=\"slide1-1\"><\/noscript><\/sr7-bg>\n\t\t\t\t\t\t\t<sr7-txt id=\"SR7_3_1-3-12\" class=\"sr7-layer\">Scegli la <br \/>\nposizione che <br \/>\nfa per te<\/sr7-txt>\n\t\t\t\t\t\t\t<sr7-txt id=\"SR7_3_1-3-14\" class=\"sr7-layer\">Esamina le nostre offerte di lavoro e trova la posizione che meglio si adatta alle tue competenze e aspirazioni. Oppure invia la tua autocandidatura spontanea<\/sr7-txt>\n\t\t\t\t\t\t\t<sr7-txt id=\"SR7_3_1-3-37\" class=\"sr7-layer\">01<\/sr7-txt>\n\t\t\t\t\t\t\t<sr7-txt id=\"SR7_3_1-3-38\" class=\"sr7-layer\">05<\/sr7-txt>\n\t\t\t\t\t\t<\/sr7-slide>\n\t\t\t\t\t\t<sr7-slide id=\"SR7_3_1-4\" data-key=\"4\">\n\t\t\t\t\t\t\t<sr7-bg id=\"SR7_3_1-4-95\" class=\"sr7-layer\"><noscript><img decoding=\"async\" src=\"https:\/\/fantipackaging.com\/usa\/wp-content\/uploads\/2025\/06\/slide2.jpg\" alt=\"\" title=\"slide2\"><\/noscript><\/sr7-bg>\n\t\t\t\t\t\t\t<sr7-txt id=\"SR7_3_1-4-12\" class=\"sr7-layer\">Invia il tuo <br \/>\ncurriculum<\/sr7-txt>\n\t\t\t\t\t\t\t<sr7-txt id=\"SR7_3_1-4-14\" class=\"sr7-layer\">Invia il tuo CV e la tua lettera di motivazione<\/sr7-txt>\n\t\t\t\t\t\t\t<sr7-txt id=\"SR7_3_1-4-37\" class=\"sr7-layer\">02<\/sr7-txt>\n\t\t\t\t\t\t\t<sr7-txt id=\"SR7_3_1-4-38\" class=\"sr7-layer\">05<\/sr7-txt>\n\t\t\t\t\t\t<\/sr7-slide>\n\t\t\t\t\t\t<sr7-slide id=\"SR7_3_1-5\" data-key=\"5\">\n\t\t\t\t\t\t\t<sr7-bg id=\"SR7_3_1-5-95\" class=\"sr7-layer\"><noscript><img decoding=\"async\" src=\"https:\/\/fantipackaging.com\/usa\/wp-content\/uploads\/2025\/06\/slide3.jpg\" alt=\"\" title=\"slide3\"><\/noscript><\/sr7-bg>\n\t\t\t\t\t\t\t<sr7-txt id=\"SR7_3_1-5-12\" class=\"sr7-layer\">Colloquio <br \/>\ntecnico<\/sr7-txt>\n\t\t\t\t\t\t\t<sr7-txt id=\"SR7_3_1-5-14\" class=\"sr7-layer\">Per conoscere le tue professionalit\u00e0 e come queste incontrino al<br \/>\nmeglio i nostri bisogni<\/sr7-txt>\n\t\t\t\t\t\t\t<sr7-txt id=\"SR7_3_1-5-37\" class=\"sr7-layer\">03<\/sr7-txt>\n\t\t\t\t\t\t\t<sr7-txt id=\"SR7_3_1-5-38\" class=\"sr7-layer\">05<\/sr7-txt>\n\t\t\t\t\t\t<\/sr7-slide>\n\t\t\t\t\t\t<sr7-slide id=\"SR7_3_1-6\" data-key=\"6\">\n\t\t\t\t\t\t\t<sr7-bg id=\"SR7_3_1-6-95\" class=\"sr7-layer\"><noscript><img decoding=\"async\" src=\"https:\/\/fantipackaging.com\/usa\/wp-content\/uploads\/2025\/06\/slide4.jpg\" alt=\"\" title=\"slide4\"><\/noscript><\/sr7-bg>\n\t\t\t\t\t\t\t<sr7-txt id=\"SR7_3_1-6-12\" class=\"sr7-layer\">Colloquio <br \/>\nconoscitivo <br \/>\ncon HR<\/sr7-txt>\n\t\t\t\t\t\t\t<sr7-txt id=\"SR7_3_1-6-14\" class=\"sr7-layer\">Questo incontro ci permette di comprendere meglio i tuoi interessi, la tua esperienza e la tua motivazione. \u00c8 anche un\u2019opportunit\u00e0 per te di ottenere ulteriori informazioni. Mostra la tua determinazione e la voglia di metterti in gioco!<\/sr7-txt>\n\t\t\t\t\t\t\t<sr7-txt id=\"SR7_3_1-6-37\" class=\"sr7-layer\">04<\/sr7-txt>\n\t\t\t\t\t\t\t<sr7-txt id=\"SR7_3_1-6-38\" class=\"sr7-layer\">05<\/sr7-txt>\n\t\t\t\t\t\t<\/sr7-slide>\n\t\t\t\t\t\t<sr7-slide id=\"SR7_3_1-7\" data-key=\"7\">\n\t\t\t\t\t\t\t<sr7-bg id=\"SR7_3_1-7-95\" class=\"sr7-layer\"><noscript><img decoding=\"async\" src=\"https:\/\/fantipackaging.com\/usa\/wp-content\/uploads\/2025\/06\/shutterstock_2014536923.jpg\" alt=\"\" title=\"shutterstock_2014536923\"><\/noscript><\/sr7-bg>\n\t\t\t\t\t\t\t<sr7-txt id=\"SR7_3_1-7-12\" class=\"sr7-layer\">Benvenuto a bordo!<\/sr7-txt>\n\t\t\t\t\t\t\t<sr7-txt id=\"SR7_3_1-7-14\" class=\"sr7-layer\">Dopo aver superato tutti gli step di selezione entrerai a far parte della nostra Family soul | Global vision.<\/sr7-txt>\n\t\t\t\t\t\t\t<sr7-txt id=\"SR7_3_1-7-37\" class=\"sr7-layer\">05<\/sr7-txt>\n\t\t\t\t\t\t\t<sr7-txt id=\"SR7_3_1-7-38\" class=\"sr7-layer\">05<\/sr7-txt>\n\t\t\t\t\t\t<\/sr7-slide>\n\t\t\t\t\t\t<sr7-slide id=\"SR7_3_1-8\" data-key=\"8\">\n\t\t\t\t\t\t<\/sr7-slide>\n\t\t\t\t\t<\/sr7-content>\n\t\t\t\t\t<image_lists style=\"display:none\">\n\t\t\t\t\t\t<img data-src=\"\/\/fantipackaging.com\/usa\/wp-content\/uploads\/revslider\/italianjob\/icon1.png\" data-libid=\"6788\" data-lib=\"medialibrary\" title=\"icon1.png\" width=\"0\" height=\"0\" data-dbsrc=\"Ly9mYW50aXBhY2thZ2luZy5jb20vdXNhL3dwLWNvbnRlbnQvdXBsb2Fkcy9yZXZzbGlkZXIvaXRhbGlhbmpvYi9pY29uMS5wbmc=\"\/>\n\t\t\t\t\t\t<img data-src=\"\/\/fantipackaging.com\/usa\/wp-content\/uploads\/2025\/06\/slide1-1.jpg\" data-libid=\"8243\" data-lib=\"medialibrary\" title=\"slide1-1\" width=\"0\" height=\"0\" data-dbsrc=\"Ly9mYW50aXBhY2thZ2luZy5jb20vdXNhL3dwLWNvbnRlbnQvdXBsb2Fkcy8yMDI1LzA2L3NsaWRlMS0xLmpwZw==\"\/>\n\t\t\t\t\t\t<img data-src=\"\/\/fantipackaging.com\/usa\/wp-content\/uploads\/revslider\/italianjob\/icon2.png\" data-libid=\"6796\" data-lib=\"medialibrary\" title=\"icon2.png\" width=\"0\" height=\"0\" data-dbsrc=\"Ly9mYW50aXBhY2thZ2luZy5jb20vdXNhL3dwLWNvbnRlbnQvdXBsb2Fkcy9yZXZzbGlkZXIvaXRhbGlhbmpvYi9pY29uMi5wbmc=\"\/>\n\t\t\t\t\t\t<img data-src=\"\/\/fantipackaging.com\/usa\/wp-content\/uploads\/2025\/06\/slide2.jpg\" data-libid=\"8247\" data-lib=\"medialibrary\" title=\"slide2\" width=\"0\" height=\"0\" data-dbsrc=\"Ly9mYW50aXBhY2thZ2luZy5jb20vdXNhL3dwLWNvbnRlbnQvdXBsb2Fkcy8yMDI1LzA2L3NsaWRlMi5qcGc=\"\/>\n\t\t\t\t\t\t<img data-src=\"\/\/fantipackaging.com\/usa\/wp-content\/uploads\/revslider\/italianjob\/icon3.png\" data-libid=\"6804\" data-lib=\"medialibrary\" title=\"icon3.png\" width=\"0\" height=\"0\" data-dbsrc=\"Ly9mYW50aXBhY2thZ2luZy5jb20vdXNhL3dwLWNvbnRlbnQvdXBsb2Fkcy9yZXZzbGlkZXIvaXRhbGlhbmpvYi9pY29uMy5wbmc=\"\/>\n\t\t\t\t\t\t<img data-src=\"\/\/fantipackaging.com\/usa\/wp-content\/uploads\/2025\/06\/slide3.jpg\" data-libid=\"8251\" data-lib=\"medialibrary\" title=\"slide3\" width=\"0\" height=\"0\" data-dbsrc=\"Ly9mYW50aXBhY2thZ2luZy5jb20vdXNhL3dwLWNvbnRlbnQvdXBsb2Fkcy8yMDI1LzA2L3NsaWRlMy5qcGc=\"\/>\n\t\t\t\t\t\t<img data-src=\"\/\/fantipackaging.com\/usa\/wp-content\/uploads\/revslider\/italianjob\/icon4.png\" data-libid=\"6812\" data-lib=\"medialibrary\" title=\"icon4.png\" width=\"0\" height=\"0\" data-dbsrc=\"Ly9mYW50aXBhY2thZ2luZy5jb20vdXNhL3dwLWNvbnRlbnQvdXBsb2Fkcy9yZXZzbGlkZXIvaXRhbGlhbmpvYi9pY29uNC5wbmc=\"\/>\n\t\t\t\t\t\t<img data-src=\"\/\/fantipackaging.com\/usa\/wp-content\/uploads\/2025\/08\/slide4y.jpg\" data-libid=\"8285\" data-lib=\"medialibrary\" title=\"slide4y\" width=\"0\" height=\"0\" data-dbsrc=\"Ly9mYW50aXBhY2thZ2luZy5jb20vdXNhL3dwLWNvbnRlbnQvdXBsb2Fkcy8yMDI1LzA4L3NsaWRlNHkuanBn\"\/>\n\t\t\t\t\t\t<img data-src=\"\/\/fantipackaging.com\/usa\/wp-content\/uploads\/revslider\/italianjob\/icon5.png\" data-libid=\"6820\" data-lib=\"medialibrary\" title=\"icon5.png\" width=\"0\" height=\"0\" data-dbsrc=\"Ly9mYW50aXBhY2thZ2luZy5jb20vdXNhL3dwLWNvbnRlbnQvdXBsb2Fkcy9yZXZzbGlkZXIvaXRhbGlhbmpvYi9pY29uNS5wbmc=\"\/>\n\t\t\t\t\t\t<img data-src=\"\/\/fantipackaging.com\/usa\/wp-content\/uploads\/2025\/06\/shutterstock_2014536923.jpg\" data-libid=\"8259\" data-lib=\"medialibrary\" title=\"shutterstock_2014536923\" width=\"0\" height=\"0\" data-dbsrc=\"Ly9mYW50aXBhY2thZ2luZy5jb20vdXNhL3dwLWNvbnRlbnQvdXBsb2Fkcy8yMDI1LzA2L3NodXR0ZXJzdG9ja18yMDE0NTM2OTIzLmpwZw==\"\/>\n\t\t\t\t\t<\/image_lists>\n\t\t\t\t<\/sr7-module>\n\t\t\t\t<script>\n\t\t\t\t\twindow.SR7 ??={};SR7.PMH ??={}; SR7.PMH[\"SR7_3_1\"] = {cn:100,state:false,fn: function() { if (window._tpt!==undefined && window._tpt.prepareModuleHeight !== undefined) {  _tpt.prepareModuleHeight({id:\"SR7_3_1\",el:[600,600,768,960,775],type:'standard',shdw:'0',gh:[600,600,768,960,720],gw:[1240,1240,1024,778,480],vpt:['-100px&#039;,&#039;-100px&#039;,&#039;-100px&#039;,&#039;-100px&#039;,&#039;-100px'],size:{fullWidth:false, fullHeight:false},mh:'0',onh:0,onw:0,bg:{color:'{\"orig\":\"transparent\",\"type\":\"solid\",\"string\":\"transparent\"}'}});   SR7.PMH[\"SR7_3_1\"].state=true;} else if(SR7.PMH[\"SR7_3_1\"].cn-->0)\tsetTimeout( SR7.PMH[\"SR7_3_1\"].fn,19);}};SR7.PMH[\"SR7_3_1\" ].fn();\n\t\t\t\t<\/script>\n[\/vc_column][\/vc_row][vc_row css=&#8221;.vc_custom_1745505636244{margin-top: 50px !important;padding-top: 70px !important;}&#8221;][vc_column][vc_column_text css=&#8221;.vc_custom_1745506037324{margin-bottom: 15px !important;}&#8221;]<\/p>\n<p style=\"text-align: center;\">Se non trovi la posizione che fa per te, inviaci la tua<\/p>\n<h1 style=\"text-align: center; font-size: 46px;\">CANDIDATURA SPONTANEA<\/h1>\n<p>[\/vc_column_text][vc_separator color=&#8221;custom&#8221; border_width=&#8221;10&#8243; el_width=&#8221;40&#8243; css=&#8221;.vc_custom_1745324909783{margin-bottom: 50px !important;}&#8221; accent_color=&#8221;#0E7A3F&#8221;]\n<div class=\"wpcf7 no-js\" id=\"wpcf7-f6835-o1\" lang=\"it-IT\" dir=\"ltr\" data-wpcf7-id=\"6835\">\n<div class=\"screen-reader-response\"><p role=\"status\" aria-live=\"polite\" aria-atomic=\"true\"><\/p> <ul><\/ul><\/div>\n<form action=\"\/usa\/it\/wp-json\/wp\/v2\/pages\/6778#wpcf7-f6835-o1\" method=\"post\" class=\"wpcf7-form init\" aria-label=\"Modulo di contatto\" enctype=\"multipart\/form-data\" novalidate=\"novalidate\" data-status=\"init\">\n<fieldset class=\"hidden-fields-container\"><input type=\"hidden\" name=\"_wpcf7\" value=\"6835\" \/><input type=\"hidden\" name=\"_wpcf7_version\" value=\"6.1.5\" \/><input type=\"hidden\" name=\"_wpcf7_locale\" value=\"it_IT\" \/><input type=\"hidden\" name=\"_wpcf7_unit_tag\" value=\"wpcf7-f6835-o1\" \/><input type=\"hidden\" name=\"_wpcf7_container_post\" value=\"0\" \/><input type=\"hidden\" name=\"_wpcf7_posted_data_hash\" value=\"\" \/><input type=\"hidden\" name=\"_wpcf7dtx_version\" value=\"5.0.5\" \/>\n<\/fieldset>\n<div class=\"vc_col-sm-6\">\n\t<p>Nome *<br \/>\n<span class=\"wpcf7-form-control-wrap\" data-name=\"your-name\"><input size=\"40\" maxlength=\"400\" class=\"wpcf7-form-control wpcf7-text wpcf7-validates-as-required\" aria-required=\"true\" aria-invalid=\"false\" value=\"\" type=\"text\" name=\"your-name\" \/><\/span>\n\t<\/p>\n<\/div>\n<div class=\"vc_col-sm-6\">\n\t<p><label> Cognome *<br \/>\n<span class=\"wpcf7-form-control-wrap\" data-name=\"your-surname\"><input size=\"40\" maxlength=\"400\" class=\"wpcf7-form-control wpcf7-text wpcf7-validates-as-required\" aria-required=\"true\" aria-invalid=\"false\" value=\"\" type=\"text\" name=\"your-surname\" \/><\/span> <\/label>\n\t<\/p>\n<\/div>\n<div class=\"vc_col-sm-12\">\n\t<p><label> Email *<br \/>\n<span class=\"wpcf7-form-control-wrap\" data-name=\"your-email\"><input size=\"40\" maxlength=\"400\" class=\"wpcf7-form-control wpcf7-text wpcf7-validates-as-required\" aria-required=\"true\" aria-invalid=\"false\" value=\"\" type=\"text\" name=\"your-email\" \/><\/span> <\/label>\n\t<\/p>\n<\/div>\n<div class=\"vc_col-sm-12\">\n\t<p><label> Eventuale sede operativa di interesse<br \/>\n<span class=\"wpcf7-form-control-wrap\" data-name=\"select-273\"><select class=\"wpcf7-form-control wpcf7-select\" aria-invalid=\"false\" name=\"select-273\"><option value=\"\">Nessuna preferenza<\/option><option value=\"Giorgio Fanti (Italia \u2013 Casalecchio di Reno, BO)\">Giorgio Fanti (Italia \u2013 Casalecchio di Reno, BO)<\/option><option value=\"Fanti Plast (Italia \u2013 Gemmano, RN)\">Fanti Plast (Italia \u2013 Gemmano, RN)<\/option><option value=\"Fanti Plast (Italia \u2013 Codogno, LO)\">Fanti Plast (Italia \u2013 Codogno, LO)<\/option><option value=\"Fanti Venegoni (Italia \u2013 Trecate, NO)\">Fanti Venegoni (Italia \u2013 Trecate, NO)<\/option><option value=\"Fanti ICM (Italia \u2013 Montechiarugolo, PR)\">Fanti ICM (Italia \u2013 Montechiarugolo, PR)<\/option><option value=\"Fanti OCM (Italia \u2013 Gruaro, VE)\">Fanti OCM (Italia \u2013 Gruaro, VE)<\/option><option value=\"Fanti USA (Stati Uniti, Weirton)\">Fanti USA (Stati Uniti, Weirton)<\/option><option value=\"Fanti Espa\u00f1a (Spagna, Madrid)\">Fanti Espa\u00f1a (Spagna, Madrid)<\/option><option value=\"Fanti Romania GII (Romania, Bucarest)\">Fanti Romania GII (Romania, Bucarest)<\/option><option value=\"ICE (Germania, Monaco di Baviera)\">ICE (Germania, Monaco di Baviera)<\/option><\/select><\/span><\/label>\n\t<\/p>\n<\/div>\n<div class=\"vc_col-sm-12\">\n\t<p><label> Area aziendale d'interesse<br \/>\n<span class=\"wpcf7-form-control-wrap\" data-name=\"select-402\"><select class=\"wpcf7-form-control wpcf7-select\" aria-invalid=\"false\" name=\"select-402\"><option value=\"\">Nessuna preferenza<\/option><option value=\"Area Acquisti\">Area Acquisti<\/option><option value=\"Area Amministrazione, Finanza e Controllo\">Area Amministrazione, Finanza e Controllo<\/option><option value=\"Area Tecnica\">Area Tecnica<\/option><option value=\"Area Commerciale\">Area Commerciale<\/option><option value=\"Area HR\">Area HR<\/option><option value=\"Area ICT\">Area ICT<\/option><option value=\"Area Magazzino\">Area Magazzino<\/option><option value=\"Area Manutenzione\">Area Manutenzione<\/option><option value=\"Area Produzione\">Area Produzione<\/option><option value=\"Area Sicurezza\">Area Sicurezza<\/option><\/select><\/span><\/label>\n\t<\/p>\n<\/div>\n<div class=\"vc_col-sm-12\">\n\t<p><label> Lettera di presentazione<br \/>\n<span class=\"wpcf7-form-control-wrap\" data-name=\"textarea-188\"><textarea cols=\"40\" rows=\"10\" maxlength=\"800\" class=\"wpcf7-form-control wpcf7-textarea\" aria-invalid=\"false\" placeholder=\"Scrivere una breve presentazione personale e professionale, evidenziando le motivazioni per cui si desidera lavorare nel Gruppo Fanti. Numero max di caratteri: 800.\" name=\"textarea-188\"><\/textarea><\/span><\/label>\n\t<\/p>\n<\/div>\n<div class=\"vc_col-sm-12\">\n\t<p>Allega Curriculum\n\t<\/p>\n\t<p><span class=\"wpcf7-form-control-wrap dropuploader-35\" style=\"position: static;\"><input size=\"40\" class=\"wpcf7-form-control wpcf7-dropuploader wpcf7-validates-as-required\" accept=\"\" aria-required=\"true\" aria-invalid=\"false\" type=\"file\" name=\"dropuploader-35[]\" multiple=\"multiple\" data-count=\"1\" \/><\/span>\n\t<\/p>\n\t<p style=\"font-size:12px;margin-bottom:5px;\">E' possibile caricare file nei formati .PDF .DOC .DOCX con dimensione massima di 2MB\n\t<\/p>\n<\/div>\n<div class=\"vc_col-sm-12\">\n\t<p style=\"margin-top:40px;\"><strong>Consenso Privacy*<\/strong><br \/>\n<span class=\"wpcf7-form-control-wrap\" data-name=\"acceptance-181\"><span class=\"wpcf7-form-control wpcf7-acceptance\"><span class=\"wpcf7-list-item\"><label><input type=\"checkbox\" name=\"acceptance-181\" value=\"1\" aria-invalid=\"false\" \/><span class=\"wpcf7-list-item-label\"><span style=\"font-size:12px\">I dati inseriti saranno utilizzati nel pieno rispetto del Regolamento (UE) 679\/2016 \u201crelativo alla protezione delle persone fisiche con riguardo al trattamento dei dati personali nonch\u00e9 alla libera circolazione di tali dati\u201d. L\u2019interessato potr\u00e0 esercitare in ogni momento i diritti previsti di cui all\u2019art. 13 del Regolamento stesso rivolgendosi a info@giorgiofanti.it . Procedendo alla compilazione e con l\u2019invio del presente modulo presta il suo libero consenso al trattamento dei suoi dati personali per le finalit\u00e0 e nei limiti indicati dalla presente informativa completa. I campi contrassegnati da questo simbolo (*) sono obbligatori.<\/span><\/label><\/span><\/span><\/span>\n\t<\/p>\n<\/div>\n<div class=\"vc_col-sm-12\" style=\"margin-top:40px;\">\n\t<p><input class=\"wpcf7-form-control wpcf7-submit has-spinner btn btn--cta\" type=\"submit\" value=\"INVIA CANDIDATURA\" \/>\n\t<\/p>\n<\/div><div class=\"wpcf7-response-output\" aria-hidden=\"true\"><\/div>\n<\/form>\n<\/div>\n[vc_empty_space height=&#8221;50&#8243;][vc_column_text css=&#8221;&#8221;]<\/p>\n<p style=\"text-align: center;\"><strong>La nostra squadra HR esaminer\u00e0 attentamente la tua candidatura e ti contatter\u00e0 se il tuo profilo sar\u00e0 in linea con le posizioni aperte.<br \/>\nGrazie per il tuo interesse verso Fanti Packaging e per averci dedicato il tuo tempo.\u00a0<\/strong><\/p>\n<p>[\/vc_column_text][\/vc_column][\/vc_row]<\/p>\n<\/div>","protected":false},"excerpt":{"rendered":"<p>[vc_row full_width=&#8221;stretch_row_content&#8221; el_class=&#8221;topimage&#8221; css=&#8221;.vc_custom_1756132385864{background-image: url(https:\/\/fantipackaging.com\/usa\/wp-content\/uploads\/2025\/08\/top-lavora-con-noi.jpg?id=8289) !important;}&#8221;][vc_column][vc_empty_space][\/vc_column][\/vc_row][vc_row css=&#8221;.vc_custom_1745421531177{padding-top: 40px !important;}&#8221;][vc_column][vc_column_text css=&#8221;.vc_custom_1745501075060{margin-bottom: 15px !important;}&#8221;] LAVORA CON NOI [\/vc_column_text][vc_separator color=&#8221;custom&#8221; border_width=&#8221;10&#8243; el_width=&#8221;40&#8243; css=&#8221;.vc_custom_1745324909783{margin-bottom: 50px !important;}&#8221; accent_color=&#8221;#0E7A3F&#8221;][vc_column_text css=&#8221;.vc_custom_1745501088000{padding-top: 40px !important;padding-bottom: 40px !important;}&#8221;] In Fanti Packaging, crediamo che le\u00a0persone\u00a0siano il cuore pulsante del nostro successo. Valorizziamo ogni persona per le sue\u00a0specificit\u00e0, offrendo\u00a0trasparenza,\u00a0formazione\u00a0e\u00a0crescita\u00a0professionale\u00a0attraverso un\u00a0processo di on-boarding\u00a0adeguato a raggiungere il ruolo richiesto.<\/p>\n","protected":false},"author":1,"featured_media":0,"parent":0,"menu_order":0,"comment_status":"closed","ping_status":"closed","template":"","meta":{"cybocfi_hide_featured_image":"","footnotes":""},"categories":[],"tags":[],"class_list":["post-6778","page","type-page","status-publish","hentry","description-off"],"_links":{"self":[{"href":"https:\/\/fantipackaging.com\/usa\/it\/wp-json\/wp\/v2\/pages\/6778","targetHints":{"allow":["GET"]}}],"collection":[{"href":"https:\/\/fantipackaging.com\/usa\/it\/wp-json\/wp\/v2\/pages"}],"about":[{"href":"https:\/\/fantipackaging.com\/usa\/it\/wp-json\/wp\/v2\/types\/page"}],"author":[{"embeddable":true,"href":"https:\/\/fantipackaging.com\/usa\/it\/wp-json\/wp\/v2\/users\/1"}],"replies":[{"embeddable":true,"href":"https:\/\/fantipackaging.com\/usa\/it\/wp-json\/wp\/v2\/comments?post=6778"}],"version-history":[{"count":11,"href":"https:\/\/fantipackaging.com\/usa\/it\/wp-json\/wp\/v2\/pages\/6778\/revisions"}],"predecessor-version":[{"id":8296,"href":"https:\/\/fantipackaging.com\/usa\/it\/wp-json\/wp\/v2\/pages\/6778\/revisions\/8296"}],"wp:attachment":[{"href":"https:\/\/fantipackaging.com\/usa\/it\/wp-json\/wp\/v2\/media?parent=6778"}],"wp:term":[{"taxonomy":"category","embeddable":true,"href":"https:\/\/fantipackaging.com\/usa\/it\/wp-json\/wp\/v2\/categories?post=6778"},{"taxonomy":"post_tag","embeddable":true,"href":"https:\/\/fantipackaging.com\/usa\/it\/wp-json\/wp\/v2\/tags?post=6778"}],"curies":[{"name":"wp","href":"https:\/\/api.w.org\/{rel}","templated":true}]}}