{"id":6395,"date":"2025-04-21T10:25:46","date_gmt":"2025-04-21T08:25:46","guid":{"rendered":"https:\/\/fantipackaging.com\/usa\/?page_id=6395"},"modified":"2025-05-14T16:06:30","modified_gmt":"2025-05-14T14:06:30","slug":"il-gruppo","status":"publish","type":"page","link":"https:\/\/fantipackaging.com\/usa\/it\/il-gruppo\/","title":{"rendered":"Il Gruppo"},"content":{"rendered":"<div class=\"wpb-content-wrapper\"><p>[vc_row full_width=&#8221;stretch_row_content&#8221; el_class=&#8221;topimage&#8221; css=&#8221;.vc_custom_1747231274799{background-image: url(https:\/\/fantipackaging.com\/usa\/wp-content\/uploads\/2025\/05\/SF06.jpg?id=8134) !important;}&#8221;][vc_column][vc_empty_space][\/vc_column][\/vc_row][vc_row][vc_column][vc_column_text css=&#8221;.vc_custom_1747231565421{margin-bottom: 15px !important;}&#8221;]<\/p>\n<h1><img loading=\"lazy\" decoding=\"async\" class=\"aligncenter\" src=\"https:\/\/fantipackaging.com\/usa\/wp-content\/uploads\/2025\/04\/ic01.png\" alt=\"\" width=\"80\" height=\"70\" \/><\/h1>\n<h1 style=\"text-align: center;\">IL GRUPPO: FANTI PACKAGING<\/h1>\n<p>[\/vc_column_text][vc_separator color=&#8221;custom&#8221; border_width=&#8221;10&#8243; el_width=&#8221;40&#8243; css=&#8221;.vc_custom_1745324962949{margin-bottom: 50px !important;}&#8221; accent_color=&#8221;#0E7A3F&#8221;][vc_column_text css=&#8221;.vc_custom_1747231574180{padding-top: 40px !important;padding-bottom: 40px !important;}&#8221;]<strong>Fanti Packaging<\/strong>\u00a0\u00e8\u00a0<strong>da pi\u00f9 di 70 anni<\/strong>\u00a0un riferimento internazionale nel settore dell\u2019imballaggio industriale, con una produzione di\u00a0<strong>barattoli, secchi e fustini in metallo, in plastica e in materiali ibridi per il settore chimico e alimentare<\/strong>.<\/p>\n<p>Fondata come Giorgio Fanti S.p.A. nel\u00a0<strong>1948<\/strong>\u00a0a\u00a0<strong>Bologna (Italia)<\/strong>\u00a0dal capostipite Giorgio Fanti e attualmente ubicata con il suo headquarter a Casalecchio di Reno (BO, Italia), si \u00e8 evoluta con\u00a0<strong>innovazione<\/strong>\u00a0e\u00a0<strong>crescita costante<\/strong>, e da piccola realt\u00e0 locale si \u00e8 trasformata in una\u00a0<strong>multinazionale familiare<\/strong>, attraverso una\u00a0<strong>attenta politica di acquisizioni e di internazionalizzazione<\/strong>\u00a0che la famiglia Fanti, affiancata da manager accreditati, ha saputo consolidare.[\/vc_column_text][\/vc_column][\/vc_row][vc_row css=&#8221;.vc_custom_1747231423947{padding-bottom: 40px !important;}&#8221;][vc_column][vc_single_image image=&#8221;8149&#8243; img_size=&#8221;full&#8221; alignment=&#8221;center&#8221; css=&#8221;&#8221;][\/vc_column][\/vc_row][vc_row][vc_column][vc_column_text css=&#8221;&#8221;]Oggi l\u2019azienda \u00e8 presente in\u00a0<strong>pi\u00f9 di 50 Paesi<\/strong>\u00a0con\u00a0<strong>10 business unit<\/strong>\u00a0che operano in\u00a0<strong>7 siti produttivi in Italia<\/strong>,\u00a0<strong>4 in Europa<\/strong>,\u00a0<strong>1 negli USA<\/strong>\u00a0e\u00a0<strong>1 jv commerciale in Germania<\/strong>.<br \/>\nCon\u00a0<strong>oltre 500 dipendenti e collaboratori<\/strong>, produciamo\u00a0<strong>annualmente oltre 180 milioni di pezzi<\/strong>, combinando un\u2019<strong>azione industriale globale\u00a0<\/strong>con un\u2019<strong>impronta territoriale forte<\/strong>.<\/p>\n<p>Fin dalle origini, Fanti Packaging ha fatto dell\u2019<strong>innovazione<\/strong>\u00a0il suo principale obiettivo, trasformando una scatoletta di carne in un imballaggio per vernici e soluzioni chimiche.<\/p>\n<p>Questa\u00a0<strong>lungimiranza<\/strong>\u00a0ha caratterizzato l\u2019evoluzione dell\u2019azienda che ha saputo integrare anche la\u00a0<strong>flessibilit\u00e0<\/strong>\u00a0tra le sue missioni per una crescita sostenibile. Oggi Fanti Packaging \u00e8 il partner di numerose tra le principali realt\u00e0 di settore grazie alla capacit\u00e0 di\u00a0<strong>diversificare<\/strong>\u00a0la propria produzione e di\u00a0<strong>personalizzare<\/strong>\u00a0ogni fornitura, garantendo\u00a0<strong>elevati standard di qualit\u00e0<\/strong>\u00a0secondo criteri di\u00a0<strong>rispetto ambientale<\/strong>\u00a0riconosciuti a livello internazionale.<\/p>\n<p>Il nostro motto \u00e8: \u201c<strong>Family Soul, Global Vision<\/strong>\u201d. Perch\u00e9 per noi l\u2019appartenenza \u00e8 tutto: \u00e8 la lente con cui osserviamo il mondo, la bussola che ci permette di andare lontano.[\/vc_column_text][\/vc_column][\/vc_row]<\/p>\n<\/div>","protected":false},"excerpt":{"rendered":"<p>[vc_row full_width=&#8221;stretch_row_content&#8221; el_class=&#8221;topimage&#8221; css=&#8221;.vc_custom_1747231274799{background-image: url(https:\/\/fantipackaging.com\/usa\/wp-content\/uploads\/2025\/05\/SF06.jpg?id=8134) !important;}&#8221;][vc_column][vc_empty_space][\/vc_column][\/vc_row][vc_row][vc_column][vc_column_text css=&#8221;.vc_custom_1747231565421{margin-bottom: 15px !important;}&#8221;] IL GRUPPO: FANTI PACKAGING [\/vc_column_text][vc_separator color=&#8221;custom&#8221; border_width=&#8221;10&#8243; el_width=&#8221;40&#8243; css=&#8221;.vc_custom_1745324962949{margin-bottom: 50px !important;}&#8221; accent_color=&#8221;#0E7A3F&#8221;][vc_column_text css=&#8221;.vc_custom_1747231574180{padding-top: 40px !important;padding-bottom: 40px !important;}&#8221;]Fanti Packaging\u00a0\u00e8\u00a0da pi\u00f9 di 70 anni\u00a0un riferimento internazionale nel settore dell\u2019imballaggio industriale, con una produzione di\u00a0barattoli, secchi e fustini in metallo, in plastica e in materiali ibridi per il settore<\/p>\n","protected":false},"author":1,"featured_media":0,"parent":0,"menu_order":0,"comment_status":"closed","ping_status":"closed","template":"","meta":{"cybocfi_hide_featured_image":"","footnotes":""},"categories":[],"tags":[],"class_list":["post-6395","page","type-page","status-publish","hentry","description-off"],"_links":{"self":[{"href":"https:\/\/fantipackaging.com\/usa\/it\/wp-json\/wp\/v2\/pages\/6395","targetHints":{"allow":["GET"]}}],"collection":[{"href":"https:\/\/fantipackaging.com\/usa\/it\/wp-json\/wp\/v2\/pages"}],"about":[{"href":"https:\/\/fantipackaging.com\/usa\/it\/wp-json\/wp\/v2\/types\/page"}],"author":[{"embeddable":true,"href":"https:\/\/fantipackaging.com\/usa\/it\/wp-json\/wp\/v2\/users\/1"}],"replies":[{"embeddable":true,"href":"https:\/\/fantipackaging.com\/usa\/it\/wp-json\/wp\/v2\/comments?post=6395"}],"version-history":[{"count":28,"href":"https:\/\/fantipackaging.com\/usa\/it\/wp-json\/wp\/v2\/pages\/6395\/revisions"}],"predecessor-version":[{"id":8157,"href":"https:\/\/fantipackaging.com\/usa\/it\/wp-json\/wp\/v2\/pages\/6395\/revisions\/8157"}],"wp:attachment":[{"href":"https:\/\/fantipackaging.com\/usa\/it\/wp-json\/wp\/v2\/media?parent=6395"}],"wp:term":[{"taxonomy":"category","embeddable":true,"href":"https:\/\/fantipackaging.com\/usa\/it\/wp-json\/wp\/v2\/categories?post=6395"},{"taxonomy":"post_tag","embeddable":true,"href":"https:\/\/fantipackaging.com\/usa\/it\/wp-json\/wp\/v2\/tags?post=6395"}],"curies":[{"name":"wp","href":"https:\/\/api.w.org\/{rel}","templated":true}]}}