{"id":7287,"date":"2025-04-23T12:31:23","date_gmt":"2025-04-23T10:31:23","guid":{"rendered":"https:\/\/fantipackaging.com\/usa\/i-nostri-imballaggi\/"},"modified":"2025-05-14T17:18:43","modified_gmt":"2025-05-14T15:18:43","slug":"nos-emballages","status":"publish","type":"page","link":"https:\/\/fantipackaging.com\/usa\/fr\/nos-emballages\/","title":{"rendered":"Nos Emballages"},"content":{"rendered":"<div class=\"wpb-content-wrapper\"><p>[vc_row full_width=\u00a0\u00bbstretch_row_content\u00a0\u00bb el_class=\u00a0\u00bbtopimage\u00a0\u00bb css=\u00a0\u00bb.vc_custom_1745404078539{background-image: url(https:\/\/fantipackaging.com\/usa\/wp-content\/uploads\/2025\/04\/PRODOTTI_i-nostri-imballagg.jpg?id=6595) !important;}\u00a0\u00bb][vc_column][vc_empty_space][\/vc_column][\/vc_row][vc_row css=\u00a0\u00bb.vc_custom_1745224600624{padding-top: 40px !important;padding-bottom: 40px !important;}\u00a0\u00bb][vc_column][vc_column_text css=\u00a0\u00bb.vc_custom_1745911646837{margin-bottom: 15px !important;}\u00a0\u00bb]<\/p>\n<h1><img loading=\"lazy\" decoding=\"async\" class=\"aligncenter size-full wp-image-6589\" src=\"https:\/\/fantipackaging.com\/usa\/wp-content\/uploads\/2025\/04\/imbal.jpg\" alt=\"\" width=\"92\" height=\"80\" \/><\/h1>\n<h1 style=\"text-align: center;\">NOS EMBALLAGES<\/h1>\n<p>[\/vc_column_text][vc_separator color=\u00a0\u00bbcustom\u00a0\u00bb border_width=\u00a0\u00bb10&Prime; el_width=\u00a0\u00bb40&Prime; css=\u00a0\u00bb.vc_custom_1745324909783{margin-bottom: 50px !important;}\u00a0\u00bb accent_color=\u00a0\u00bb#0E7A3F\u00a0\u00bb][vc_column_text css=\u00a0\u00bb.vc_custom_1747235917635{padding-top: 40px !important;padding-bottom: 40px !important;}\u00a0\u00bb]La production Fanti USA d\u2019<strong>une large gamme de pots en m\u00e9tal pour la peinture et le secteur chimique<\/strong>\u00a0b\u00e9n\u00e9ficie de toute l\u2019<strong>exp\u00e9rience\u00a0<\/strong>et de la\u00a0<strong>qualit\u00e9<\/strong>\u00a0que Fanti Packaging a d\u00e9velopp\u00e9es et consolid\u00e9es en plus de 70 ans de pr\u00e9sence sur les principaux march\u00e9s internationaux.<\/p>\n<p>C\u2019est pourquoi nous sommes en mesure de garantir\u00a0<strong>l\u2019excellence<\/strong>\u00a0de nos produits, certains de fournir des solutions\u00a0<strong>fiables<\/strong>,\u00a0<strong>r\u00e9sistantes<\/strong>\u00a0et\u00a0<strong>s\u00fbres<\/strong>. Notre\u00a0<strong>vision globale du faire de l\u2019industrie<\/strong>\u00a0nous permet de\u00a0<strong>personnaliser<\/strong>\u00a0chaque produit en fonction des diff\u00e9rents besoins de nos clients\u00a0: de la forme au design, nous garantissons des performances \u00e9lev\u00e9es et la meilleure comp\u00e9titivit\u00e9 dans le plein respect des r\u00e9glementations qui r\u00e9gissent le secteur et le territoire.[\/vc_column_text][\/vc_column][\/vc_row][vc_row gap=\u00a0\u00bb30&Prime; equal_height=\u00a0\u00bbyes\u00a0\u00bb][vc_column width=\u00a0\u00bb1\/2&Prime;][vc_row_inner][vc_column_inner el_class=\u00a0\u00bbroundcolumnimg\u00a0\u00bb][vc_single_image image=\u00a0\u00bb8186&Prime; img_size=\u00a0\u00bbfull\u00a0\u00bb alignment=\u00a0\u00bbcenter\u00a0\u00bb css=\u00a0\u00bb.vc_custom_1747234593274{margin-bottom: 0px !important;}\u00a0\u00bb][\/vc_column_inner][\/vc_row_inner][\/vc_column][vc_column width=\u00a0\u00bb1\/2&Prime;][vc_row_inner][vc_column_inner el_class=\u00a0\u00bbroundcolumnimg\u00a0\u00bb][vc_single_image image=\u00a0\u00bb8196&Prime; img_size=\u00a0\u00bbfull\u00a0\u00bb alignment=\u00a0\u00bbcenter\u00a0\u00bb css=\u00a0\u00bb.vc_custom_1747234998127{margin-bottom: 0px !important;}\u00a0\u00bb][\/vc_column_inner][\/vc_row_inner][\/vc_column][\/vc_row][vc_row gap=\u00a0\u00bb30&Prime; equal_height=\u00a0\u00bbyes\u00a0\u00bb][vc_column width=\u00a0\u00bb1\/2&Prime;][vc_row_inner][vc_column_inner el_class=\u00a0\u00bbroundcolumnimg\u00a0\u00bb][vc_single_image image=\u00a0\u00bb8204&Prime; img_size=\u00a0\u00bbfull\u00a0\u00bb alignment=\u00a0\u00bbcenter\u00a0\u00bb css=\u00a0\u00bb.vc_custom_1747235626454{margin-bottom: 0px !important;}\u00a0\u00bb][\/vc_column_inner][\/vc_row_inner][\/vc_column][vc_column width=\u00a0\u00bb1\/2&Prime;][vc_row_inner][vc_column_inner el_class=\u00a0\u00bbroundcolumnimg\u00a0\u00bb][vc_single_image image=\u00a0\u00bb8208&Prime; img_size=\u00a0\u00bbfull\u00a0\u00bb alignment=\u00a0\u00bbcenter\u00a0\u00bb css=\u00a0\u00bb.vc_custom_1747235636072{margin-bottom: 0px !important;}\u00a0\u00bb][\/vc_column_inner][\/vc_row_inner][\/vc_column][\/vc_row]<\/p>\n<\/div>","protected":false},"excerpt":{"rendered":"<p>[vc_row full_width=\u00a0\u00bbstretch_row_content\u00a0\u00bb el_class=\u00a0\u00bbtopimage\u00a0\u00bb css=\u00a0\u00bb.vc_custom_1745404078539{background-image: url(https:\/\/fantipackaging.com\/usa\/wp-content\/uploads\/2025\/04\/PRODOTTI_i-nostri-imballagg.jpg?id=6595) !important;}\u00a0\u00bb][vc_column][vc_empty_space][\/vc_column][\/vc_row][vc_row css=\u00a0\u00bb.vc_custom_1745224600624{padding-top: 40px !important;padding-bottom: 40px !important;}\u00a0\u00bb][vc_column][vc_column_text css=\u00a0\u00bb.vc_custom_1745911646837{margin-bottom: 15px !important;}\u00a0\u00bb] NOS EMBALLAGES [\/vc_column_text][vc_separator color=\u00a0\u00bbcustom\u00a0\u00bb border_width=\u00a0\u00bb10&Prime; el_width=\u00a0\u00bb40&Prime; css=\u00a0\u00bb.vc_custom_1745324909783{margin-bottom: 50px !important;}\u00a0\u00bb accent_color=\u00a0\u00bb#0E7A3F\u00a0\u00bb][vc_column_text css=\u00a0\u00bb.vc_custom_1747235917635{padding-top: 40px !important;padding-bottom: 40px !important;}\u00a0\u00bb]La production Fanti USA d\u2019une large gamme de pots en m\u00e9tal pour la peinture et le secteur chimique\u00a0b\u00e9n\u00e9ficie de toute l\u2019exp\u00e9rience\u00a0et de la\u00a0qualit\u00e9\u00a0que Fanti Packaging a d\u00e9velopp\u00e9es<\/p>\n","protected":false},"author":1,"featured_media":0,"parent":0,"menu_order":0,"comment_status":"closed","ping_status":"closed","template":"","meta":{"cybocfi_hide_featured_image":"","footnotes":""},"categories":[],"tags":[],"class_list":["post-7287","page","type-page","status-publish","hentry","description-off"],"_links":{"self":[{"href":"https:\/\/fantipackaging.com\/usa\/fr\/wp-json\/wp\/v2\/pages\/7287","targetHints":{"allow":["GET"]}}],"collection":[{"href":"https:\/\/fantipackaging.com\/usa\/fr\/wp-json\/wp\/v2\/pages"}],"about":[{"href":"https:\/\/fantipackaging.com\/usa\/fr\/wp-json\/wp\/v2\/types\/page"}],"author":[{"embeddable":true,"href":"https:\/\/fantipackaging.com\/usa\/fr\/wp-json\/wp\/v2\/users\/1"}],"replies":[{"embeddable":true,"href":"https:\/\/fantipackaging.com\/usa\/fr\/wp-json\/wp\/v2\/comments?post=7287"}],"version-history":[{"count":5,"href":"https:\/\/fantipackaging.com\/usa\/fr\/wp-json\/wp\/v2\/pages\/7287\/revisions"}],"predecessor-version":[{"id":8218,"href":"https:\/\/fantipackaging.com\/usa\/fr\/wp-json\/wp\/v2\/pages\/7287\/revisions\/8218"}],"wp:attachment":[{"href":"https:\/\/fantipackaging.com\/usa\/fr\/wp-json\/wp\/v2\/media?parent=7287"}],"wp:term":[{"taxonomy":"category","embeddable":true,"href":"https:\/\/fantipackaging.com\/usa\/fr\/wp-json\/wp\/v2\/categories?post=7287"},{"taxonomy":"post_tag","embeddable":true,"href":"https:\/\/fantipackaging.com\/usa\/fr\/wp-json\/wp\/v2\/tags?post=7287"}],"curies":[{"name":"wp","href":"https:\/\/api.w.org\/{rel}","templated":true}]}}