{"id":7279,"date":"2025-04-23T12:20:09","date_gmt":"2025-04-23T10:20:09","guid":{"rendered":"https:\/\/fantipackaging.com\/usa\/i-prodotti-e-i-servizi\/"},"modified":"2025-05-14T16:42:12","modified_gmt":"2025-05-14T14:42:12","slug":"les-produits-et-les-services","status":"publish","type":"page","link":"https:\/\/fantipackaging.com\/usa\/fr\/les-produits-et-les-services\/","title":{"rendered":"Les Produits et Les Services"},"content":{"rendered":"<div class=\"wpb-content-wrapper\"><p>[vc_row full_width=\u00a0\u00bbstretch_row_content\u00a0\u00bb el_class=\u00a0\u00bbtopimage\u00a0\u00bb css=\u00a0\u00bb.vc_custom_1745403460396{background-image: url(https:\/\/fantipackaging.com\/usa\/wp-content\/uploads\/2025\/04\/poli-scaled-1.jpg?id=6593) !important;}\u00a0\u00bb][vc_column][vc_empty_space][\/vc_column][\/vc_row][vc_row css=\u00a0\u00bb.vc_custom_1745224600624{padding-top: 40px !important;padding-bottom: 40px !important;}\u00a0\u00bb][vc_column][vc_column_text css=\u00a0\u00bb.vc_custom_1745911325279{margin-bottom: 15px !important;}\u00a0\u00bb]<\/p>\n<h1><img loading=\"lazy\" decoding=\"async\" class=\"wp-image-6377 aligncenter\" src=\"https:\/\/fantipackaging.com\/usa\/wp-content\/uploads\/2025\/04\/pded.png\" alt=\"\" width=\"89\" height=\"88\" \/><\/h1>\n<h1 style=\"text-align: center;\">LES PRODUITS ET LES SERVICES<\/h1>\n<p>[\/vc_column_text][vc_separator color=\u00a0\u00bbcustom\u00a0\u00bb border_width=\u00a0\u00bb10&Prime; el_width=\u00a0\u00bb40&Prime; css=\u00a0\u00bb.vc_custom_1745324909783{margin-bottom: 50px !important;}\u00a0\u00bb accent_color=\u00a0\u00bb#0E7A3F\u00a0\u00bb][vc_column_text css=\u00a0\u00bb.vc_custom_1747233695997{padding-top: 40px !important;padding-bottom: 40px !important;}\u00a0\u00bb]<\/p>\n<div class=\"module_subrow themify_builder_sub_row tf_w col_align_top tb_col_count_1 tb_agzz204\">\n<div class=\"module_column sub_column col-full tb_zt5l054 first\">\n<div class=\"module module-text tb_udx5200\">\n<div class=\"tb_text_wrap\">\n<p>Les principaux moteurs du d\u00e9veloppement de Fanti USA sont la\u00a0<strong>production<\/strong>\u00a0et le\u00a0<strong>service.<\/strong><\/p>\n<p>En nous appuyant sur les d\u00e9cennies d\u2019exp\u00e9rience et de succ\u00e8s de Fanti Packaging, nous voulons, avec Fanti USA, repr\u00e9senter l\u2019<strong>excellence dans la production de bo\u00eetes m\u00e9talliques<\/strong>\u00a0pour le march\u00e9 am\u00e9ricain, en garantissant la\u00a0<strong>fiabilit\u00e9<\/strong>, la\u00a0<strong>solidit\u00e9<\/strong>\u00a0et la\u00a0<strong>s\u00e9curit\u00e9<\/strong>\u00a0dont Fanti est l\u2019embl\u00e8me.<\/p>\n<p>La\u00a0<strong>diff\u00e9renciation<\/strong>\u00a0<strong>essentielle<\/strong>\u00a0se situe au niveau du\u00a0<strong>service \u00e0 la client\u00e8le\u00a0<\/strong>: l\u2019<strong>attention<\/strong>, la\u00a0<strong>ponctualit\u00e9<\/strong>, la\u00a0<strong>personnalisation<\/strong>\u00a0sont les caract\u00e9ristiques qui distinguent notre service, confirmant la\u00a0<strong>plus grande fiabilit\u00e9 dans les d\u00e9lais de prise en charge des commandes, de gestion et de livraison.<\/strong><\/p>\n<\/div>\n<\/div>\n<\/div>\n<\/div>\n<div class=\"module_subrow themify_builder_sub_row tf_w col_align_top tb_col_count_2 tb_pbj9642\">\n<div class=\"module_column sub_column col4-2 tb_9z2i245 first\">\n<div class=\"module module-text tb_vglo245\">\n<div class=\"tb_text_wrap\"><\/div>\n<\/div>\n<\/div>\n<\/div>\n<p>[\/vc_column_text][\/vc_column][\/vc_row][vc_row gap=\u00a0\u00bb30&Prime; equal_height=\u00a0\u00bbyes\u00a0\u00bb][vc_column width=\u00a0\u00bb1\/2&Prime;][vc_row_inner css=\u00a0\u00bb.vc_custom_1745327414852{padding-right: 0px !important;padding-left: 0px !important;background-color: #FFFFFF !important;}\u00a0\u00bb][vc_column_inner el_class=\u00a0\u00bbroundcolumn\u00a0\u00bb css=\u00a0\u00bb.vc_custom_1745327405090{padding-top: 15px !important;padding-right: 0px !important;padding-left: 0px !important;}\u00a0\u00bb][vc_column_text css=\u00a0\u00bb.vc_custom_1746449695810{margin-bottom: 0px !important;margin-left: 30px !important;}\u00a0\u00bb el_class=\u00a0\u00bbluccichio\u00a0\u00bb]<img loading=\"lazy\" decoding=\"async\" class=\"alignnone size-full wp-image-6589\" src=\"https:\/\/fantipackaging.com\/usa\/wp-content\/uploads\/2025\/04\/imbal.jpg\" alt=\"\" width=\"92\" height=\"80\" \/>[\/vc_column_text][vc_separator color=\u00a0\u00bbcustom\u00a0\u00bb align=\u00a0\u00bbalign_left\u00a0\u00bb border_width=\u00a0\u00bb10&Prime; el_width=\u00a0\u00bb50&Prime; css=\u00a0\u00bb.vc_custom_1745326039944{margin-bottom: 50px !important;}\u00a0\u00bb accent_color=\u00a0\u00bb#0E7A3F\u00a0\u00bb][vc_column_text css=\u00a0\u00bb\u00a0\u00bb]<\/p>\n<h1 style=\"text-align: center; font-size: 40px; line-height: 42px;\">NOS<br \/>\nEMBALLAGES<\/h1>\n<p>[\/vc_column_text][vc_single_image image=\u00a0\u00bb6595&Prime; img_size=\u00a0\u00bbfull\u00a0\u00bb alignment=\u00a0\u00bbcenter\u00a0\u00bb onclick=\u00a0\u00bbcustom_link\u00a0\u00bb css=\u00a0\u00bb.vc_custom_1745911465491{margin-bottom: 0px !important;}\u00a0\u00bb link=\u00a0\u00bb\/fr\/nos-emballages\/\u00a0\u00bb]<style type=\"text\/css\" data-type=\"the7_shortcodes-inline-css\">#default-btn-461723641fecf16bde676f7226282fb7.ico-right-side > i {\n  margin-right: 0px;\n  margin-left: 8px;\n}\n#default-btn-461723641fecf16bde676f7226282fb7 > i {\n  margin-right: 8px;\n}\n<\/style><div class=\"btn-align-center\"><a href=\"\/fr\/nos-emballages\/\" class=\"default-btn-shortcode dt-btn dt-btn-l link-hover-off full-width-btn \" id=\"default-btn-461723641fecf16bde676f7226282fb7\"><span>En savoir plus<\/span><\/a><\/div>[\/vc_column_inner][\/vc_row_inner][\/vc_column][vc_column width=\u00a0\u00bb1\/2&Prime;][vc_row_inner css=\u00a0\u00bb.vc_custom_1745327433532{background-color: #FFFFFF !important;}\u00a0\u00bb][vc_column_inner el_class=\u00a0\u00bbroundcolumn\u00a0\u00bb css=\u00a0\u00bb.vc_custom_1745327047313{padding-top: 15px !important;padding-right: 0px !important;padding-left: 0px !important;}\u00a0\u00bb][vc_column_text css=\u00a0\u00bb.vc_custom_1746449700801{margin-bottom: 0px !important;margin-left: 30px !important;}\u00a0\u00bb el_class=\u00a0\u00bbluccichio\u00a0\u00bb]<img loading=\"lazy\" decoding=\"async\" class=\"alignnone size-full wp-image-6591\" src=\"https:\/\/fantipackaging.com\/usa\/wp-content\/uploads\/2025\/04\/servizi.jpg\" alt=\"\" width=\"80\" height=\"80\" \/>[\/vc_column_text][vc_separator color=\u00a0\u00bbcustom\u00a0\u00bb align=\u00a0\u00bbalign_left\u00a0\u00bb border_width=\u00a0\u00bb10&Prime; el_width=\u00a0\u00bb50&Prime; css=\u00a0\u00bb.vc_custom_1745326039944{margin-bottom: 50px !important;}\u00a0\u00bb accent_color=\u00a0\u00bb#0E7A3F\u00a0\u00bb][vc_column_text css=\u00a0\u00bb\u00a0\u00bb]<\/p>\n<h1 style=\"text-align: center; font-size: 40px; line-height: 42px;\">NOS<br \/>\nSERVICES<\/h1>\n<p>[\/vc_column_text][vc_single_image image=\u00a0\u00bb6597&Prime; img_size=\u00a0\u00bbfull\u00a0\u00bb alignment=\u00a0\u00bbcenter\u00a0\u00bb onclick=\u00a0\u00bbcustom_link\u00a0\u00bb css=\u00a0\u00bb.vc_custom_1745911430558{margin-bottom: 0px !important;}\u00a0\u00bb link=\u00a0\u00bb\/fr\/nos-services\/\u00a0\u00bb]<style type=\"text\/css\" data-type=\"the7_shortcodes-inline-css\">#default-btn-cfc404d22261ab725d3b7c83d9dc64cf.ico-right-side > i {\n  margin-right: 0px;\n  margin-left: 8px;\n}\n#default-btn-cfc404d22261ab725d3b7c83d9dc64cf > i {\n  margin-right: 8px;\n}\n<\/style><div class=\"btn-align-center\"><a href=\"\/fr\/nos-services\/\" class=\"default-btn-shortcode dt-btn dt-btn-l link-hover-off full-width-btn \" id=\"default-btn-cfc404d22261ab725d3b7c83d9dc64cf\"><span>En savoir plus<\/span><\/a><\/div>[\/vc_column_inner][\/vc_row_inner][\/vc_column][\/vc_row]<\/p>\n<\/div>","protected":false},"excerpt":{"rendered":"<p>[vc_row full_width=\u00a0\u00bbstretch_row_content\u00a0\u00bb el_class=\u00a0\u00bbtopimage\u00a0\u00bb css=\u00a0\u00bb.vc_custom_1745403460396{background-image: url(https:\/\/fantipackaging.com\/usa\/wp-content\/uploads\/2025\/04\/poli-scaled-1.jpg?id=6593) !important;}\u00a0\u00bb][vc_column][vc_empty_space][\/vc_column][\/vc_row][vc_row css=\u00a0\u00bb.vc_custom_1745224600624{padding-top: 40px !important;padding-bottom: 40px !important;}\u00a0\u00bb][vc_column][vc_column_text css=\u00a0\u00bb.vc_custom_1745911325279{margin-bottom: 15px !important;}\u00a0\u00bb] LES PRODUITS ET LES SERVICES [\/vc_column_text][vc_separator color=\u00a0\u00bbcustom\u00a0\u00bb border_width=\u00a0\u00bb10&Prime; el_width=\u00a0\u00bb40&Prime; css=\u00a0\u00bb.vc_custom_1745324909783{margin-bottom: 50px !important;}\u00a0\u00bb accent_color=\u00a0\u00bb#0E7A3F\u00a0\u00bb][vc_column_text css=\u00a0\u00bb.vc_custom_1747233695997{padding-top: 40px !important;padding-bottom: 40px !important;}\u00a0\u00bb] Les principaux moteurs du d\u00e9veloppement de Fanti USA sont la\u00a0production\u00a0et le\u00a0service. En nous appuyant sur les d\u00e9cennies d\u2019exp\u00e9rience et de succ\u00e8s de Fanti<\/p>\n","protected":false},"author":1,"featured_media":0,"parent":0,"menu_order":0,"comment_status":"closed","ping_status":"closed","template":"","meta":{"cybocfi_hide_featured_image":"","footnotes":""},"categories":[],"tags":[],"class_list":["post-7279","page","type-page","status-publish","hentry","description-off"],"_links":{"self":[{"href":"https:\/\/fantipackaging.com\/usa\/fr\/wp-json\/wp\/v2\/pages\/7279","targetHints":{"allow":["GET"]}}],"collection":[{"href":"https:\/\/fantipackaging.com\/usa\/fr\/wp-json\/wp\/v2\/pages"}],"about":[{"href":"https:\/\/fantipackaging.com\/usa\/fr\/wp-json\/wp\/v2\/types\/page"}],"author":[{"embeddable":true,"href":"https:\/\/fantipackaging.com\/usa\/fr\/wp-json\/wp\/v2\/users\/1"}],"replies":[{"embeddable":true,"href":"https:\/\/fantipackaging.com\/usa\/fr\/wp-json\/wp\/v2\/comments?post=7279"}],"version-history":[{"count":5,"href":"https:\/\/fantipackaging.com\/usa\/fr\/wp-json\/wp\/v2\/pages\/7279\/revisions"}],"predecessor-version":[{"id":8180,"href":"https:\/\/fantipackaging.com\/usa\/fr\/wp-json\/wp\/v2\/pages\/7279\/revisions\/8180"}],"wp:attachment":[{"href":"https:\/\/fantipackaging.com\/usa\/fr\/wp-json\/wp\/v2\/media?parent=7279"}],"wp:term":[{"taxonomy":"category","embeddable":true,"href":"https:\/\/fantipackaging.com\/usa\/fr\/wp-json\/wp\/v2\/categories?post=7279"},{"taxonomy":"post_tag","embeddable":true,"href":"https:\/\/fantipackaging.com\/usa\/fr\/wp-json\/wp\/v2\/tags?post=7279"}],"curies":[{"name":"wp","href":"https:\/\/api.w.org\/{rel}","templated":true}]}}