{"id":7209,"date":"2025-04-22T14:28:31","date_gmt":"2025-04-22T12:28:31","guid":{"rendered":"https:\/\/fantipackaging.com\/usa\/company\/"},"modified":"2025-08-25T17:00:07","modified_gmt":"2025-08-25T15:00:07","slug":"les-societes","status":"publish","type":"page","link":"https:\/\/fantipackaging.com\/usa\/fr\/les-societes\/","title":{"rendered":"Les Soci\u00e9t\u00e9s"},"content":{"rendered":"<div class=\"wpb-content-wrapper\"><p>[vc_row full_width=\u00a0\u00bbstretch_row_content\u00a0\u00bb el_class=\u00a0\u00bbtopimage\u00a0\u00bb css=\u00a0\u00bb.vc_custom_1747232627909{background-image: url(https:\/\/fantipackaging.com\/usa\/wp-content\/uploads\/2025\/05\/BRAND_-cover.jpg?id=8166) !important;}\u00a0\u00bb][vc_column][vc_empty_space][\/vc_column][\/vc_row][vc_row css=\u00a0\u00bb.vc_custom_1745224600624{padding-top: 40px !important;padding-bottom: 40px !important;}\u00a0\u00bb][vc_column][vc_column_text css=\u00a0\u00bb.vc_custom_1747232446172{margin-bottom: 15px !important;}\u00a0\u00bb]<\/p>\n<h1><img loading=\"lazy\" decoding=\"async\" class=\"wp-image-6404 aligncenter\" src=\"https:\/\/fantipackaging.com\/usa\/wp-content\/uploads\/2025\/04\/branmd.png\" alt=\"\" width=\"82\" height=\"51\" \/><\/h1>\n<h1 style=\"text-align: center;\">COMPANY: FANTI PACKAGING USA<\/h1>\n<p>[\/vc_column_text][vc_separator color=\u00a0\u00bbcustom\u00a0\u00bb border_width=\u00a0\u00bb10&Prime; el_width=\u00a0\u00bb40&Prime; css=\u00a0\u00bb.vc_custom_1745324909783{margin-bottom: 50px !important;}\u00a0\u00bb accent_color=\u00a0\u00bb#0E7A3F\u00a0\u00bb][vc_column_text css=\u00a0\u00bb.vc_custom_1747232741224{padding-top: 40px !important;padding-bottom: 40px !important;}\u00a0\u00bb]En 2024, Fanti Packaging a entam\u00e9 un nouveau chapitre passionnant de son parcours en ouvrant\u00a0<strong>Fanti USA<\/strong>: un<strong>\u00a0site de production ultramoderne<\/strong>\u00a0en\u00a0<strong>Virginie occidentale, aux \u00c9tats-Unis,\u00a0<\/strong>couvrant environ 10 000 m<sup>2<\/sup>, dont pr\u00e8s de 9 000 m<sup>2<\/sup>\u00a0sont d\u00e9di\u00e9s \u00e0 la production, pour un investissement total d\u2019environ<strong>\u00a030 millions de dollars.<\/strong><\/p>\n<p>Ce choix repr\u00e9sente l\u2019aboutissement d\u2019un long parcours de recherche, de planification, d\u2019investissement, d\u2019analyse de localisation et de supply chain, et le d\u00e9but d\u2019un projet ambitieux visant \u00e0 apporter\u00a0<strong>l\u2019excellence<\/strong>\u00a0<strong>des solutions d\u2019emballage m\u00e9tallique de haute qualit\u00e9 pour les peintures et les solutions chimiques<\/strong>\u00a0de Fanti Packaging dans les plus importantes entreprises du secteur du\u00a0<strong>North East<\/strong>\u00a0et du\u00a0<strong>Midwest am\u00e9ricain<\/strong>.[\/vc_column_text][\/vc_column][\/vc_row][vc_row css=\u00a0\u00bb.vc_custom_1747231423947{padding-bottom: 40px !important;}\u00a0\u00bb][vc_column][vc_single_image image=\u00a0\u00bb8298&Prime; img_size=\u00a0\u00bbfull\u00a0\u00bb alignment=\u00a0\u00bbcenter\u00a0\u00bb css=\u00a0\u00bb\u00a0\u00bb][\/vc_column][\/vc_row][vc_row][vc_column][vc_column_text css=\u00a0\u00bb\u00a0\u00bb]Notre ambition est de devenir une\u00a0<strong>r\u00e9f\u00e9rence pour le march\u00e9 am\u00e9ricain<\/strong>, tout comme Fanti Packaging l\u2019est en Europe, pour\u00a0<strong>l\u2019innovation<\/strong>\u00a0que nous essayons d\u2019apporter \u00e0 chacune de nos solutions. Forts d\u2019<strong>une exp\u00e9rience consolid\u00e9e de plus de 70 ans<\/strong>\u00a0de la maison m\u00e8re bolognaise, nous croyons et investissons dans la\u00a0<strong>recherche<\/strong>\u00a0<strong>et le d\u00e9veloppement<\/strong>\u00a0afin de garantir cette\u00a0<strong>qualit\u00e9<\/strong>\u00a0qui nous rend extr\u00eamement comp\u00e9titifs et de continuer \u00e0 r\u00e9pondre aux besoins de nos clients, en contribuant au progr\u00e8s et \u00e0 la croissance durable de l\u2019industrie.<\/p>\n<p><strong>L\u2019innovation<\/strong>,\u00a0<strong>la flexibilit\u00e9<\/strong>\u00a0et\u00a0<strong>la durabilit\u00e9<\/strong>\u00a0sont en effet les principes directeurs de chacune de nos d\u00e9cisions. Nous nous engageons \u00e0 fournir\u00a0<strong>des solutions personnalis\u00e9es<\/strong>\u00a0et de la plus haute qualit\u00e9, en\u00a0<strong>minimisant l\u2019impact environnemental<\/strong>. Ce qui nous motive, c\u2019est la\u00a0<strong>passion<\/strong>\u00a0et la\u00a0<strong>d\u00e9termination<\/strong>, c\u2019est pourquoi nous travaillons dur pour r\u00e9pondre aux besoins de nos clients et pour relever avec succ\u00e8s les d\u00e9fis d\u2019un march\u00e9 de plus en plus dynamique.<\/p>\n<p>Nous croyons en\u00a0<strong>une croissance inclusive<\/strong>\u00a0<strong>et mondiale<\/strong>, en promouvant des liens forts avec les communaut\u00e9s dans lesquelles nous op\u00e9rons et en donnant la priorit\u00e9 \u00e0 la protection de l\u2019environnement. Lorsque vous choisissez Fanti USA, vous acqu\u00e9rez un partenaire fiable d\u00e9di\u00e9 \u00e0 fournir l\u2019excellence en mati\u00e8re d\u2019emballage, forte de d\u00e9cennies d\u2019exp\u00e9rience et d\u2019un d\u00e9vouement ind\u00e9fectible.[\/vc_column_text][\/vc_column][\/vc_row]<\/p>\n<\/div>","protected":false},"excerpt":{"rendered":"<p>[vc_row full_width=\u00a0\u00bbstretch_row_content\u00a0\u00bb el_class=\u00a0\u00bbtopimage\u00a0\u00bb css=\u00a0\u00bb.vc_custom_1747232627909{background-image: url(https:\/\/fantipackaging.com\/usa\/wp-content\/uploads\/2025\/05\/BRAND_-cover.jpg?id=8166) !important;}\u00a0\u00bb][vc_column][vc_empty_space][\/vc_column][\/vc_row][vc_row css=\u00a0\u00bb.vc_custom_1745224600624{padding-top: 40px !important;padding-bottom: 40px !important;}\u00a0\u00bb][vc_column][vc_column_text css=\u00a0\u00bb.vc_custom_1747232446172{margin-bottom: 15px !important;}\u00a0\u00bb] COMPANY: FANTI PACKAGING USA [\/vc_column_text][vc_separator color=\u00a0\u00bbcustom\u00a0\u00bb border_width=\u00a0\u00bb10&Prime; el_width=\u00a0\u00bb40&Prime; css=\u00a0\u00bb.vc_custom_1745324909783{margin-bottom: 50px !important;}\u00a0\u00bb accent_color=\u00a0\u00bb#0E7A3F\u00a0\u00bb][vc_column_text css=\u00a0\u00bb.vc_custom_1747232741224{padding-top: 40px !important;padding-bottom: 40px !important;}\u00a0\u00bb]En 2024, Fanti Packaging a entam\u00e9 un nouveau chapitre passionnant de son parcours en ouvrant\u00a0Fanti USA: un\u00a0site de production ultramoderne\u00a0en\u00a0Virginie occidentale, aux \u00c9tats-Unis,\u00a0couvrant environ 10<\/p>\n","protected":false},"author":1,"featured_media":0,"parent":0,"menu_order":0,"comment_status":"closed","ping_status":"closed","template":"","meta":{"cybocfi_hide_featured_image":"","footnotes":""},"categories":[],"tags":[],"class_list":["post-7209","page","type-page","status-publish","hentry","description-off"],"_links":{"self":[{"href":"https:\/\/fantipackaging.com\/usa\/fr\/wp-json\/wp\/v2\/pages\/7209","targetHints":{"allow":["GET"]}}],"collection":[{"href":"https:\/\/fantipackaging.com\/usa\/fr\/wp-json\/wp\/v2\/pages"}],"about":[{"href":"https:\/\/fantipackaging.com\/usa\/fr\/wp-json\/wp\/v2\/types\/page"}],"author":[{"embeddable":true,"href":"https:\/\/fantipackaging.com\/usa\/fr\/wp-json\/wp\/v2\/users\/1"}],"replies":[{"embeddable":true,"href":"https:\/\/fantipackaging.com\/usa\/fr\/wp-json\/wp\/v2\/comments?post=7209"}],"version-history":[{"count":9,"href":"https:\/\/fantipackaging.com\/usa\/fr\/wp-json\/wp\/v2\/pages\/7209\/revisions"}],"predecessor-version":[{"id":8338,"href":"https:\/\/fantipackaging.com\/usa\/fr\/wp-json\/wp\/v2\/pages\/7209\/revisions\/8338"}],"wp:attachment":[{"href":"https:\/\/fantipackaging.com\/usa\/fr\/wp-json\/wp\/v2\/media?parent=7209"}],"wp:term":[{"taxonomy":"category","embeddable":true,"href":"https:\/\/fantipackaging.com\/usa\/fr\/wp-json\/wp\/v2\/categories?post=7209"},{"taxonomy":"post_tag","embeddable":true,"href":"https:\/\/fantipackaging.com\/usa\/fr\/wp-json\/wp\/v2\/tags?post=7209"}],"curies":[{"name":"wp","href":"https:\/\/api.w.org\/{rel}","templated":true}]}}