{"id":7170,"date":"2025-04-21T10:31:33","date_gmt":"2025-04-21T08:31:33","guid":{"rendered":"https:\/\/fantipackaging.com\/usa\/chi-siamo\/"},"modified":"2025-08-25T16:52:11","modified_gmt":"2025-08-25T14:52:11","slug":"qui-sommes-nous","status":"publish","type":"page","link":"https:\/\/fantipackaging.com\/usa\/fr\/qui-sommes-nous\/","title":{"rendered":"Qui Sommes-Nous"},"content":{"rendered":"<div class=\"wpb-content-wrapper\"><p>[vc_row full_width=\u00a0\u00bbstretch_row_content\u00a0\u00bb el_class=\u00a0\u00bbtopimage\u00a0\u00bb css=\u00a0\u00bb.vc_custom_1756133495897{background-image: url(https:\/\/fantipackaging.com\/usa\/wp-content\/uploads\/2025\/08\/Senza-titolo-1-1.jpg?id=8324) !important;}\u00a0\u00bb][vc_column][vc_empty_space][\/vc_column][\/vc_row][vc_row css=\u00a0\u00bb.vc_custom_1745224600624{padding-top: 40px !important;padding-bottom: 40px !important;}\u00a0\u00bb][vc_column][vc_column_text css=\u00a0\u00bb.vc_custom_1747228712448{margin-bottom: 15px !important;}\u00a0\u00bb]<\/p>\n<h1><img loading=\"lazy\" decoding=\"async\" class=\"wp-image-6396 aligncenter\" src=\"https:\/\/fantipackaging.com\/usa\/wp-content\/uploads\/2025\/04\/ic01.png\" alt=\"\" width=\"80\" height=\"80\" \/><\/h1>\n<h1 style=\"text-align: center;\">QUI SOMMES-NOUS<\/h1>\n<p>[\/vc_column_text][vc_separator color=\u00a0\u00bbcustom\u00a0\u00bb border_width=\u00a0\u00bb10&Prime; el_width=\u00a0\u00bb40&Prime; css=\u00a0\u00bb.vc_custom_1745324953299{margin-bottom: 50px !important;}\u00a0\u00bb accent_color=\u00a0\u00bb#0E7A3F\u00a0\u00bb][vc_column_text css=\u00a0\u00bb.vc_custom_1747228735157{padding-top: 40px !important;padding-bottom: 40px !important;}\u00a0\u00bb]Fanti USA est le fruit de la\u00a0<strong>strat\u00e9gie entrepreneuriale d\u2019internationalisation et d\u2019expansion<\/strong>\u00a0de Fanti Packaging, une entreprise bas\u00e9e \u00e0 Casalecchio di Reno (Bologne, Italie) qui, depuis plus de 70 ans, est un leader mondial dans le\u00a0<strong>secteur de l\u2019emballage primaire pour les peintures et les produits chimiques<\/strong>.<br \/>\nN\u00e9e en 2024 \u00e0 Weirton, en Virginie-Occidentale, Fanti USA a pour objectif de servir le\u00a0<strong>march\u00e9 am\u00e9ricain<\/strong>\u00a0et les principales entreprises du secteur du\u00a0<strong>North East<\/strong>\u00a0et du\u00a0<strong>Midwest<\/strong>\u00a0am\u00e9ricain gr\u00e2ce \u00e0 une<strong>\u00a0gamme polyvalente et de haute qualit\u00e9 de pots, de seaux et de f\u00fbts en m\u00e9tal<\/strong>.[\/vc_column_text][\/vc_column][\/vc_row][vc_row full_width=\u00a0\u00bbstretch_row_content_no_spaces\u00a0\u00bb gap=\u00a0\u00bb30&Prime; css=\u00a0\u00bb.vc_custom_1744809923388{padding-top: 70px !important;padding-bottom: 70px !important;}\u00a0\u00bb][vc_column width=\u00a0\u00bb1\/12&Prime;][\/vc_column][vc_column width=\u00a0\u00bb5\/12&Prime;][vc_column_text css=\u00a0\u00bb.vc_custom_1750047363417{margin-bottom: 15px !important;}\u00a0\u00bb]<\/p>\n<h1><img loading=\"lazy\" decoding=\"async\" class=\"alignleft wp-image-8126\" src=\"https:\/\/fantipackaging.com\/usa\/wp-content\/uploads\/2025\/05\/01ic.png\" alt=\"\" width=\"50\" height=\"50\" \/><\/h1>\n<h1>LE GROUPE: FANTI PACKAGING<\/h1>\n<p>[\/vc_column_text][vc_separator color=\u00a0\u00bbcustom\u00a0\u00bb border_width=\u00a0\u00bb10&Prime; css=\u00a0\u00bb.vc_custom_1744808664790{margin-bottom: 50px !important;}\u00a0\u00bb accent_color=\u00a0\u00bb#0E7A3F\u00a0\u00bb][vc_column_text css=\u00a0\u00bb.vc_custom_1747228791212{padding-top: 40px !important;padding-bottom: 40px !important;}\u00a0\u00bb]<strong>Fanti Packaging<\/strong>\u00a0est\u00a0<strong>depuis plus de 70 ans<\/strong>\u00a0une r\u00e9f\u00e9rence internationale dans le secteur de l\u2019emballage industriel, avec une production de\u00a0<strong>pots, de seaux et de f\u00fbts en m\u00e9tal, en plastique et en mat\u00e9riaux hybrides pour le secteur chimique et alimentaire<\/strong>.[\/vc_column_text]<style type=\"text\/css\" data-type=\"the7_shortcodes-inline-css\">#default-btn-c90e6538f1472ca573ced3f79b717fab.ico-right-side > i {\n  margin-right: 0px;\n  margin-left: 8px;\n}\n#default-btn-c90e6538f1472ca573ced3f79b717fab > i {\n  margin-right: 8px;\n}\n<\/style><a href=\"\/fr\/le-groupe\/\" class=\"default-btn-shortcode dt-btn dt-btn-l link-hover-off btn-inline-left \" id=\"default-btn-c90e6538f1472ca573ced3f79b717fab\"><span>En savoir plus<\/span><\/a>[\/vc_column][vc_column width=\u00a0\u00bb1\/2&Prime; css=\u00a0\u00bb.vc_custom_1745219091840{padding-left: 0px !important;}\u00a0\u00bb el_class=\u00a0\u00bbcolumnroundssx\u00a0\u00bb][vc_single_image image=\u00a0\u00bb8103&Prime; img_size=\u00a0\u00bbfull\u00a0\u00bb alignment=\u00a0\u00bbcenter\u00a0\u00bb style=\u00a0\u00bbvc_box_rounded\u00a0\u00bb css=\u00a0\u00bb.vc_custom_1747219707525{border-radius: 35px !important;}\u00a0\u00bb image_hovers=\u00a0\u00bbfalse\u00a0\u00bb el_class=\u00a0\u00bbroundsx\u00a0\u00bb][\/vc_column][\/vc_row][vc_row full_width=\u00a0\u00bbstretch_row_content_no_spaces\u00a0\u00bb gap=\u00a0\u00bb30&Prime; css=\u00a0\u00bb.vc_custom_1745222901372{padding-top: 70px !important;padding-bottom: 70px !important;}\u00a0\u00bb el_class=\u00a0\u00bbswap-on-mobile\u00a0\u00bb][vc_column width=\u00a0\u00bb1\/2&Prime; css=\u00a0\u00bb.vc_custom_1745219077547{padding-left: 0px !important;}\u00a0\u00bb el_class=\u00a0\u00bbcolumnroundsdx\u00a0\u00bb][vc_single_image image=\u00a0\u00bb8311&Prime; img_size=\u00a0\u00bbfull\u00a0\u00bb alignment=\u00a0\u00bbcenter\u00a0\u00bb style=\u00a0\u00bbvc_box_rounded\u00a0\u00bb css=\u00a0\u00bb.vc_custom_1756133392175{border-radius: 35px !important;}\u00a0\u00bb el_class=\u00a0\u00bbrounddx\u00a0\u00bb][\/vc_column][vc_column width=\u00a0\u00bb5\/12&Prime;][vc_column_text css=\u00a0\u00bb.vc_custom_1747227167849{margin-bottom: 15px !important;}\u00a0\u00bb]<\/p>\n<h1 style=\"text-align: right;\">COMPANY: FANTI USA<img loading=\"lazy\" decoding=\"async\" class=\"alignright wp-image-6366\" src=\"https:\/\/fantipackaging.com\/usa\/wp-content\/uploads\/2025\/04\/branmd.png\" alt=\"\" width=\"80\" height=\"80\" \/><\/h1>\n<p>[\/vc_column_text][vc_separator color=\u00a0\u00bbcustom\u00a0\u00bb border_width=\u00a0\u00bb10&Prime; css=\u00a0\u00bb.vc_custom_1744808664790{margin-bottom: 50px !important;}\u00a0\u00bb accent_color=\u00a0\u00bb#0E7A3F\u00a0\u00bb][vc_column_text css=\u00a0\u00bb.vc_custom_1747230482087{padding-top: 40px !important;padding-bottom: 40px !important;}\u00a0\u00bb]En 2024, Fanti Packaging a entam\u00e9 un nouveau chapitre passionnant de son parcours en ouvrant\u00a0<strong>Fanti USA<\/strong>: un<strong>\u00a0site de production ultramoderne<\/strong>\u00a0en\u00a0<strong>Virginie occidentale, aux \u00c9tats-Unis,\u00a0<\/strong>couvrant environ 10 000 m<sup>2<\/sup>, dont pr\u00e8s de 9 000 m<sup>2<\/sup>\u00a0sont d\u00e9di\u00e9s \u00e0 la production, pour un investissement total d\u2019environ<strong>\u00a030 millions de dollars.<\/strong>[\/vc_column_text]<style type=\"text\/css\" data-type=\"the7_shortcodes-inline-css\">#default-btn-a3b02cfb680af8752a3b34d2896e2ba8.ico-right-side > i {\n  margin-right: 0px;\n  margin-left: 8px;\n}\n#default-btn-a3b02cfb680af8752a3b34d2896e2ba8 > i {\n  margin-right: 8px;\n}\n<\/style><a href=\"\/fr\/les-societes\/\" class=\"default-btn-shortcode dt-btn dt-btn-l link-hover-off btn-inline-right \" id=\"default-btn-a3b02cfb680af8752a3b34d2896e2ba8\"><span>En savoir plus<\/span><\/a>[\/vc_column][vc_column width=\u00a0\u00bb1\/12&Prime;][\/vc_column][\/vc_row]<\/p>\n<\/div>","protected":false},"excerpt":{"rendered":"<p>[vc_row full_width=\u00a0\u00bbstretch_row_content\u00a0\u00bb el_class=\u00a0\u00bbtopimage\u00a0\u00bb css=\u00a0\u00bb.vc_custom_1756133495897{background-image: url(https:\/\/fantipackaging.com\/usa\/wp-content\/uploads\/2025\/08\/Senza-titolo-1-1.jpg?id=8324) !important;}\u00a0\u00bb][vc_column][vc_empty_space][\/vc_column][\/vc_row][vc_row css=\u00a0\u00bb.vc_custom_1745224600624{padding-top: 40px !important;padding-bottom: 40px !important;}\u00a0\u00bb][vc_column][vc_column_text css=\u00a0\u00bb.vc_custom_1747228712448{margin-bottom: 15px !important;}\u00a0\u00bb] QUI SOMMES-NOUS [\/vc_column_text][vc_separator color=\u00a0\u00bbcustom\u00a0\u00bb border_width=\u00a0\u00bb10&Prime; el_width=\u00a0\u00bb40&Prime; css=\u00a0\u00bb.vc_custom_1745324953299{margin-bottom: 50px !important;}\u00a0\u00bb accent_color=\u00a0\u00bb#0E7A3F\u00a0\u00bb][vc_column_text css=\u00a0\u00bb.vc_custom_1747228735157{padding-top: 40px !important;padding-bottom: 40px !important;}\u00a0\u00bb]Fanti USA est le fruit de la\u00a0strat\u00e9gie entrepreneuriale d\u2019internationalisation et d\u2019expansion\u00a0de Fanti Packaging, une entreprise bas\u00e9e \u00e0 Casalecchio di Reno (Bologne, Italie) qui, depuis plus de 70<\/p>\n","protected":false},"author":1,"featured_media":0,"parent":0,"menu_order":0,"comment_status":"closed","ping_status":"closed","template":"","meta":{"cybocfi_hide_featured_image":"","footnotes":""},"categories":[],"tags":[],"class_list":["post-7170","page","type-page","status-publish","hentry","description-off"],"_links":{"self":[{"href":"https:\/\/fantipackaging.com\/usa\/fr\/wp-json\/wp\/v2\/pages\/7170","targetHints":{"allow":["GET"]}}],"collection":[{"href":"https:\/\/fantipackaging.com\/usa\/fr\/wp-json\/wp\/v2\/pages"}],"about":[{"href":"https:\/\/fantipackaging.com\/usa\/fr\/wp-json\/wp\/v2\/types\/page"}],"author":[{"embeddable":true,"href":"https:\/\/fantipackaging.com\/usa\/fr\/wp-json\/wp\/v2\/users\/1"}],"replies":[{"embeddable":true,"href":"https:\/\/fantipackaging.com\/usa\/fr\/wp-json\/wp\/v2\/comments?post=7170"}],"version-history":[{"count":7,"href":"https:\/\/fantipackaging.com\/usa\/fr\/wp-json\/wp\/v2\/pages\/7170\/revisions"}],"predecessor-version":[{"id":8330,"href":"https:\/\/fantipackaging.com\/usa\/fr\/wp-json\/wp\/v2\/pages\/7170\/revisions\/8330"}],"wp:attachment":[{"href":"https:\/\/fantipackaging.com\/usa\/fr\/wp-json\/wp\/v2\/media?parent=7170"}],"wp:term":[{"taxonomy":"category","embeddable":true,"href":"https:\/\/fantipackaging.com\/usa\/fr\/wp-json\/wp\/v2\/categories?post=7170"},{"taxonomy":"post_tag","embeddable":true,"href":"https:\/\/fantipackaging.com\/usa\/fr\/wp-json\/wp\/v2\/tags?post=7170"}],"curies":[{"name":"wp","href":"https:\/\/api.w.org\/{rel}","templated":true}]}}