{"id":7165,"date":"2025-04-21T10:25:46","date_gmt":"2025-04-21T08:25:46","guid":{"rendered":"https:\/\/fantipackaging.com\/usa\/il-gruppo\/"},"modified":"2025-05-14T16:05:32","modified_gmt":"2025-05-14T14:05:32","slug":"le-groupe","status":"publish","type":"page","link":"https:\/\/fantipackaging.com\/usa\/fr\/le-groupe\/","title":{"rendered":"Le Groupe"},"content":{"rendered":"<div class=\"wpb-content-wrapper\"><p>[vc_row full_width=\u00a0\u00bbstretch_row_content\u00a0\u00bb el_class=\u00a0\u00bbtopimage\u00a0\u00bb css=\u00a0\u00bb.vc_custom_1747231274799{background-image: url(https:\/\/fantipackaging.com\/usa\/wp-content\/uploads\/2025\/05\/SF06.jpg?id=8134) !important;}\u00a0\u00bb][vc_column][vc_empty_space][\/vc_column][\/vc_row][vc_row][vc_column][vc_column_text css=\u00a0\u00bb.vc_custom_1747231496430{margin-bottom: 15px !important;}\u00a0\u00bb]<\/p>\n<h1><img loading=\"lazy\" decoding=\"async\" class=\"aligncenter\" src=\"https:\/\/fantipackaging.com\/usa\/wp-content\/uploads\/2025\/04\/ic01.png\" alt=\"\" width=\"80\" height=\"70\" \/><\/h1>\n<h1 style=\"text-align: center;\">LE GROUP: FANTI PACKAGING<\/h1>\n<p>[\/vc_column_text][vc_separator color=\u00a0\u00bbcustom\u00a0\u00bb border_width=\u00a0\u00bb10&Prime; el_width=\u00a0\u00bb40&Prime; css=\u00a0\u00bb.vc_custom_1745324962949{margin-bottom: 50px !important;}\u00a0\u00bb accent_color=\u00a0\u00bb#0E7A3F\u00a0\u00bb][vc_column_text css=\u00a0\u00bb.vc_custom_1747231516678{padding-top: 40px !important;padding-bottom: 40px !important;}\u00a0\u00bb]<strong>Fanti Packaging<\/strong>\u00a0est\u00a0<strong>depuis plus de 70 ans<\/strong>\u00a0une r\u00e9f\u00e9rence internationale dans le secteur de l\u2019emballage industriel, avec une production de\u00a0<strong>pots, de seaux et de f\u00fbts en m\u00e9tal, en plastique et en mat\u00e9riaux hybrides pour le secteur chimique et alimentaire<\/strong>.<\/p>\n<p>Fond\u00e9e sous le nom de Giorgio Fanti S.p.A. en\u00a0<strong>1948<\/strong>\u00a0\u00e0\u00a0<strong>Bologne (Italie)<\/strong>\u00a0par son fondateur Giorgio Fanti et ayant actuellement son si\u00e8ge \u00e0 Casalecchio di Reno (Bologne, Italie), l\u2019entreprise a \u00e9volu\u00e9 gr\u00e2ce \u00e0 l\u2019\u00a0<strong>innovation<\/strong>\u00a0et \u00e0 une\u00a0<strong>croissance constante<\/strong>. La petite entreprise locale est devenue une\u00a0<strong>multinationale familiale<\/strong>, gr\u00e2ce \u00e0 une\u00a0<strong>politique prudente d\u2019acquisitions et d\u2019internationalisation<\/strong>\u00a0que la famille Fanti, soutenue par des gestionnaires accr\u00e9dit\u00e9s, a r\u00e9ussi \u00e0 consolider.[\/vc_column_text][\/vc_column][\/vc_row][vc_row css=\u00a0\u00bb.vc_custom_1747231423947{padding-bottom: 40px !important;}\u00a0\u00bb][vc_column][vc_single_image image=\u00a0\u00bb8149&Prime; img_size=\u00a0\u00bbfull\u00a0\u00bb alignment=\u00a0\u00bbcenter\u00a0\u00bb css=\u00a0\u00bb\u00a0\u00bb][\/vc_column][\/vc_row][vc_row][vc_column][vc_column_text css=\u00a0\u00bb\u00a0\u00bb]Aujourd\u2019hui, l\u2019entreprise est pr\u00e9sente dans\u00a0<strong>plus de 50 pays<\/strong>\u00a0avec\u00a0<strong>10 unit\u00e9s commerciales<\/strong>\u00a0op\u00e9rant\u00a0<strong>sur 7 sites de production en Italie<\/strong>,\u00a0<strong>4 en Europe<\/strong>,\u00a0<strong>1 aux \u00c9tats-Unis<\/strong>\u00a0et\u00a0<strong>1 coentreprise commerciale en Allemagne<\/strong>.<\/p>\n<p>Avec\u00a0<strong>plus de 500 employ\u00e9s et collaborateurs<\/strong>, nous produisons\u00a0<strong>chaque ann\u00e9e plus de 180 millions de pi\u00e8ces<\/strong>, alliant une<strong>\u00a0action industrielle mondiale\u00a0<\/strong>\u00e0 une<strong>\u00a0forte empreinte territoriale<\/strong>.<\/p>\n<p>Depuis ses origines, Fanti Packaging a fait de l\u2019<strong>innovation<\/strong>\u00a0son principal objectif, en transformant une bo\u00eete de viande en emballage pour peintures et solutions chimiques.<\/p>\n<p>Cette\u00a0<strong>clairvoyance<\/strong>\u00a0a caract\u00e9ris\u00e9 l\u2019\u00e9volution de l\u2019entreprise qui a \u00e9galement su int\u00e9grer la\u00a0<strong>flexibilit\u00e9<\/strong>\u00a0parmi ses missions pour une croissance durable. Aujourd\u2019hui, Fanti Packaging est le partenaire de nombreuses grandes entreprises du secteur gr\u00e2ce \u00e0 sa capacit\u00e9 \u00e0\u00a0<strong>diversifier<\/strong>\u00a0sa production et \u00e0\u00a0<strong>personnaliser<\/strong>\u00a0chaque approvisionnement, en garantissant\u00a0<strong>des normes de qualit\u00e9 \u00e9lev\u00e9es<\/strong>\u00a0selon des crit\u00e8res de\u00a0<strong>respect de l\u2019environnement<\/strong>\u00a0reconnus au niveau international.<\/p>\n<p>Notre devise est: \u00ab<strong>Family Soul, Global Vision<\/strong>\u00bb. Parce que pour nous, l\u2019appartenance est tout: c\u2019est la lentille avec laquelle nous observons le monde, la boussole qui nous permet d\u2019aller loin.[\/vc_column_text][\/vc_column][\/vc_row]<\/p>\n<\/div>","protected":false},"excerpt":{"rendered":"<p>[vc_row full_width=\u00a0\u00bbstretch_row_content\u00a0\u00bb el_class=\u00a0\u00bbtopimage\u00a0\u00bb css=\u00a0\u00bb.vc_custom_1747231274799{background-image: url(https:\/\/fantipackaging.com\/usa\/wp-content\/uploads\/2025\/05\/SF06.jpg?id=8134) !important;}\u00a0\u00bb][vc_column][vc_empty_space][\/vc_column][\/vc_row][vc_row][vc_column][vc_column_text css=\u00a0\u00bb.vc_custom_1747231496430{margin-bottom: 15px !important;}\u00a0\u00bb] LE GROUP: FANTI PACKAGING [\/vc_column_text][vc_separator color=\u00a0\u00bbcustom\u00a0\u00bb border_width=\u00a0\u00bb10&Prime; el_width=\u00a0\u00bb40&Prime; css=\u00a0\u00bb.vc_custom_1745324962949{margin-bottom: 50px !important;}\u00a0\u00bb accent_color=\u00a0\u00bb#0E7A3F\u00a0\u00bb][vc_column_text css=\u00a0\u00bb.vc_custom_1747231516678{padding-top: 40px !important;padding-bottom: 40px !important;}\u00a0\u00bb]Fanti Packaging\u00a0est\u00a0depuis plus de 70 ans\u00a0une r\u00e9f\u00e9rence internationale dans le secteur de l\u2019emballage industriel, avec une production de\u00a0pots, de seaux et de f\u00fbts en m\u00e9tal, en plastique et en mat\u00e9riaux<\/p>\n","protected":false},"author":1,"featured_media":0,"parent":0,"menu_order":0,"comment_status":"closed","ping_status":"closed","template":"","meta":{"cybocfi_hide_featured_image":"","footnotes":""},"categories":[],"tags":[],"class_list":["post-7165","page","type-page","status-publish","hentry","description-off"],"_links":{"self":[{"href":"https:\/\/fantipackaging.com\/usa\/fr\/wp-json\/wp\/v2\/pages\/7165","targetHints":{"allow":["GET"]}}],"collection":[{"href":"https:\/\/fantipackaging.com\/usa\/fr\/wp-json\/wp\/v2\/pages"}],"about":[{"href":"https:\/\/fantipackaging.com\/usa\/fr\/wp-json\/wp\/v2\/types\/page"}],"author":[{"embeddable":true,"href":"https:\/\/fantipackaging.com\/usa\/fr\/wp-json\/wp\/v2\/users\/1"}],"replies":[{"embeddable":true,"href":"https:\/\/fantipackaging.com\/usa\/fr\/wp-json\/wp\/v2\/comments?post=7165"}],"version-history":[{"count":7,"href":"https:\/\/fantipackaging.com\/usa\/fr\/wp-json\/wp\/v2\/pages\/7165\/revisions"}],"predecessor-version":[{"id":8156,"href":"https:\/\/fantipackaging.com\/usa\/fr\/wp-json\/wp\/v2\/pages\/7165\/revisions\/8156"}],"wp:attachment":[{"href":"https:\/\/fantipackaging.com\/usa\/fr\/wp-json\/wp\/v2\/media?parent=7165"}],"wp:term":[{"taxonomy":"category","embeddable":true,"href":"https:\/\/fantipackaging.com\/usa\/fr\/wp-json\/wp\/v2\/categories?post=7165"},{"taxonomy":"post_tag","embeddable":true,"href":"https:\/\/fantipackaging.com\/usa\/fr\/wp-json\/wp\/v2\/tags?post=7165"}],"curies":[{"name":"wp","href":"https:\/\/api.w.org\/{rel}","templated":true}]}}