{"id":7121,"date":"2025-04-24T16:23:52","date_gmt":"2025-04-24T14:23:52","guid":{"rendered":"https:\/\/fantipackaging.com\/usa\/lavora-con-noi\/"},"modified":"2025-08-25T16:34:03","modified_gmt":"2025-08-25T14:34:03","slug":"travaillez-avec-nous","status":"publish","type":"page","link":"https:\/\/fantipackaging.com\/usa\/fr\/travaillez-avec-nous\/","title":{"rendered":"travaillez avec nous"},"content":{"rendered":"<div class=\"wpb-content-wrapper\"><p>[vc_row full_width=\u00a0\u00bbstretch_row_content\u00a0\u00bb el_class=\u00a0\u00bbtopimage\u00a0\u00bb css=\u00a0\u00bb.vc_custom_1756132385864{background-image: url(https:\/\/fantipackaging.com\/usa\/wp-content\/uploads\/2025\/08\/top-lavora-con-noi.jpg?id=8289) !important;}\u00a0\u00bb][vc_column][vc_empty_space][\/vc_column][\/vc_row][vc_row css=\u00a0\u00bb.vc_custom_1745421531177{padding-top: 40px !important;}\u00a0\u00bb][vc_column][vc_column_text css=\u00a0\u00bb.vc_custom_1745826015876{margin-bottom: 15px !important;}\u00a0\u00bb]<\/p>\n<h1 style=\"text-align: center;\"><img loading=\"lazy\" decoding=\"async\" class=\"alignnone size-full wp-image-6780\" src=\"https:\/\/fantipackaging.com\/usa\/wp-content\/uploads\/2025\/04\/lav.png\" alt=\"\" width=\"59\" height=\"50\" \/><\/h1>\n<h1 style=\"text-align: center;\">TRAVAILLEZ AVEC NOUS<\/h1>\n<p>[\/vc_column_text][vc_separator color=\u00a0\u00bbcustom\u00a0\u00bb border_width=\u00a0\u00bb10&Prime; el_width=\u00a0\u00bb40&Prime; css=\u00a0\u00bb.vc_custom_1745324909783{margin-bottom: 50px !important;}\u00a0\u00bb accent_color=\u00a0\u00bb#0E7A3F\u00a0\u00bb][vc_column_text css=\u00a0\u00bb.vc_custom_1745826027953{padding-top: 40px !important;padding-bottom: 40px !important;}\u00a0\u00bb]<\/p>\n<p style=\"text-align: justify;\">Chez Fanti Packaging, nous croyons que les personnes sont le c\u0153ur battant de notre succ\u00e8s. Nous valorisons chaque personne pour ses sp\u00e9cificit\u00e9s, en offrant transparence, formation et d\u00e9veloppement professionnel \u00e0 travers un processus d\u2019int\u00e9gration appropri\u00e9 pour atteindre le r\u00f4le requis.<\/p>\n<p>[\/vc_column_text][\/vc_column][\/vc_row][vc_row css=\u00a0\u00bb.vc_custom_1745421531177{padding-top: 40px !important;}\u00a0\u00bb][vc_column][vc_column_text css=\u00a0\u00bb.vc_custom_1745826037879{margin-bottom: 15px !important;}\u00a0\u00bb]<\/p>\n<h1 style=\"text-align: center; font-size: 44px;\">POSTES DISPONIBLES<\/h1>\n<p>[\/vc_column_text][vc_separator color=\u00a0\u00bbcustom\u00a0\u00bb border_width=\u00a0\u00bb10&Prime; el_width=\u00a0\u00bb40&Prime; css=\u00a0\u00bb.vc_custom_1745324909783{margin-bottom: 50px !important;}\u00a0\u00bb accent_color=\u00a0\u00bb#0E7A3F\u00a0\u00bb][vc_empty_space height=\u00a0\u00bb50px\u00a0\u00bb]<div id=\"mpc_grid_posts_7969eb821bdc52c\" class=\"mpc-grid-posts mpc-init mpc-init mpc-transition mpc-overlay--slide-down mpc-item--fade mpc-layout--style_9  \"  data-grid-cols=\"3\"><div class=\"mpc-grid-sizer\"><\/div><div onclick=\"\" class=\"mpc-post\"><div class=\"mpc-post__wrapper\"><div class=\"mpc-post__content mpc-transition\"><h3 class=\"mpc-post__heading mpc-transition mpc-text-overflow\"><a href=\"https:\/\/fantipackaging.com\/usa\/fr\/posizione_aperta\/back-office-commercial\/\" title=\"Back office Commercial\">Back office Commercial<\/a><\/h3><div class=\"mpc-post__description\">Pays\u00a0:Italie<br>\r\nSi\u00e8ge op\u00e9rationnel\u00a0: Casalecchio di Reno<br>\r\nDomaine\u00a0:\u00a0Gestion commerciale<br><\/div><a href=\"https:\/\/fantipackaging.com\/usa\/fr\/posizione_aperta\/back-office-commercial\/\" title=\"Back office Commercial\"  class=\"mpc-button mpc-init mpc-transition \" ><div class=\"mpc-button__content mpc-effect-type--stay mpc-effect-side--right\"><span class=\"mpc-button__title mpc-transition\">En savoir plus<\/span><i class=\"mpc-button__icon mpc-transition  eti eti_arrow_right\"><\/i><\/div><div class=\"mpc-button__background mpc-transition mpc-effect-type--fade mpc-effect-side--in\"><\/div><\/a><\/div><\/div><\/div><\/div>[vc_empty_space height=\u00a0\u00bb50px\u00a0\u00bb]<style type=\"text\/css\" data-type=\"the7_shortcodes-inline-css\">#default-btn-1139516b4c1879ea71327252b14832ef.ico-right-side > i {\n  margin-right: 0px;\n  margin-left: 8px;\n}\n#default-btn-1139516b4c1879ea71327252b14832ef > i {\n  margin-right: 8px;\n}\n<\/style><div class=\"btn-align-center\"><a href=\"\/fr\/postes-ouverts\/\" class=\"default-btn-shortcode dt-btn dt-btn-l link-hover-off full-width-btn \" id=\"default-btn-1139516b4c1879ea71327252b14832ef\"><span>D\u00e9couvrez tous les postes ouverts<\/span><\/a><\/div>[\/vc_column][\/vc_row][vc_row css=\u00a0\u00bb.vc_custom_1745505871331{margin-top: 50px !important;padding-top: 70px !important;}\u00a0\u00bb][vc_column][vc_row_inner][vc_column_inner width=\u00a0\u00bb1\/4&Prime;][\/vc_column_inner][vc_column_inner width=\u00a0\u00bb1\/2&Prime;][vc_column_text css=\u00a0\u00bb.vc_custom_1745826100759{margin-bottom: 15px !important;}\u00a0\u00bb]<\/p>\n<h1 style=\"text-align: center; font-size: 46px;\">D\u00c9COUVREZ COMMENT FONCTIONNE NOTRE PROCESSUS DE S\u00c9LECTION<\/h1>\n<p>[\/vc_column_text][\/vc_column_inner][vc_column_inner width=\u00a0\u00bb1\/4&Prime;][\/vc_column_inner][\/vc_row_inner][vc_separator color=\u00a0\u00bbcustom\u00a0\u00bb border_width=\u00a0\u00bb10&Prime; el_width=\u00a0\u00bb40&Prime; css=\u00a0\u00bb.vc_custom_1745324909783{margin-bottom: 50px !important;}\u00a0\u00bb accent_color=\u00a0\u00bb#0E7A3F\u00a0\u00bb]\n\t\t\t\t<p class=\"rs-p-wp-fix\"><\/p>\n\t\t\t\t<sr7-module data-alias=\"fr\" data-id=\"6\" id=\"SR7_6_1\" class=\"Class rs-ov-hidden\" data-version=\"6.7.52\">\n\t\t\t\t\t<sr7-adjuster><\/sr7-adjuster>\n\t\t\t\t\t<sr7-content>\n\t\t\t\t\t\t<sr7-slide id=\"SR7_6_1-36\" data-key=\"36\">\n\t\t\t\t\t\t\t<sr7-bg id=\"SR7_6_1-36-95\" class=\"sr7-layer\"><noscript><img decoding=\"async\" src=\"https:\/\/fantipackaging.com\/usa\/wp-content\/uploads\/2025\/06\/slide1-1.jpg\" alt=\"\" title=\"slide1-1\"><\/noscript><\/sr7-bg>\n\t\t\t\t\t\t\t<sr7-txt id=\"SR7_6_1-36-12\" class=\"sr7-layer\">Explorez les opportunit\u00e9s qui vous convenient<\/sr7-txt>\n\t\t\t\t\t\t\t<sr7-txt id=\"SR7_6_1-36-14\" class=\"sr7-layer\">Parcourez nos offres d'emploi et trouvez le poste qui correspond le mieux \u00e0 vos comp\u00e9tences et \u00e0 vos aspirations. Ou envoyez votre candidature spontan\u00e9e<\/sr7-txt>\n\t\t\t\t\t\t\t<sr7-txt id=\"SR7_6_1-36-37\" class=\"sr7-layer\">01<\/sr7-txt>\n\t\t\t\t\t\t\t<sr7-txt id=\"SR7_6_1-36-38\" class=\"sr7-layer\">05<\/sr7-txt>\n\t\t\t\t\t\t<\/sr7-slide>\n\t\t\t\t\t\t<sr7-slide id=\"SR7_6_1-37\" data-key=\"37\">\n\t\t\t\t\t\t\t<sr7-bg id=\"SR7_6_1-37-95\" class=\"sr7-layer\"><noscript><img decoding=\"async\" src=\"https:\/\/fantipackaging.com\/usa\/wp-content\/uploads\/2025\/06\/slide2.jpg\" alt=\"\" title=\"slide2\"><\/noscript><\/sr7-bg>\n\t\t\t\t\t\t\t<sr7-txt id=\"SR7_6_1-37-12\" class=\"sr7-layer\">Envoyez<br \/>\nvotre CV <\/sr7-txt>\n\t\t\t\t\t\t\t<sr7-txt id=\"SR7_6_1-37-14\" class=\"sr7-layer\">Envoyez votre CV et votre lettre de motivation<\/sr7-txt>\n\t\t\t\t\t\t\t<sr7-txt id=\"SR7_6_1-37-37\" class=\"sr7-layer\">02<\/sr7-txt>\n\t\t\t\t\t\t\t<sr7-txt id=\"SR7_6_1-37-38\" class=\"sr7-layer\">05<\/sr7-txt>\n\t\t\t\t\t\t<\/sr7-slide>\n\t\t\t\t\t\t<sr7-slide id=\"SR7_6_1-38\" data-key=\"38\">\n\t\t\t\t\t\t\t<sr7-bg id=\"SR7_6_1-38-95\" class=\"sr7-layer\"><noscript><img decoding=\"async\" src=\"https:\/\/fantipackaging.com\/usa\/wp-content\/uploads\/2025\/06\/slide3.jpg\" alt=\"\" title=\"slide3\"><\/noscript><\/sr7-bg>\n\t\t\t\t\t\t\t<sr7-txt id=\"SR7_6_1-38-12\" class=\"sr7-layer\">Entretien Technique<\/sr7-txt>\n\t\t\t\t\t\t\t<sr7-txt id=\"SR7_6_1-38-14\" class=\"sr7-layer\">Pour comprendre vos comp\u00e9tences et comment elles r\u00e9pondent au mieux \u00e0 nos besoins.<\/sr7-txt>\n\t\t\t\t\t\t\t<sr7-txt id=\"SR7_6_1-38-37\" class=\"sr7-layer\">03<\/sr7-txt>\n\t\t\t\t\t\t\t<sr7-txt id=\"SR7_6_1-38-38\" class=\"sr7-layer\">05<\/sr7-txt>\n\t\t\t\t\t\t<\/sr7-slide>\n\t\t\t\t\t\t<sr7-slide id=\"SR7_6_1-39\" data-key=\"39\">\n\t\t\t\t\t\t\t<sr7-bg id=\"SR7_6_1-39-95\" class=\"sr7-layer\"><noscript><img decoding=\"async\" src=\"https:\/\/fantipackaging.com\/usa\/wp-content\/uploads\/2025\/06\/slide4.jpg\" alt=\"\" title=\"slide4\"><\/noscript><\/sr7-bg>\n\t\t\t\t\t\t\t<sr7-txt id=\"SR7_6_1-39-12\" class=\"sr7-layer\">Entretien avec l'\u00c9quipe RH<\/sr7-txt>\n\t\t\t\t\t\t\t<sr7-txt id=\"SR7_6_1-39-14\" class=\"sr7-layer\">Cette rencontre nous permet de mieux comprendre vos int\u00e9r\u00eats, votre exp\u00e9rience et votre motivation. C'est aussi l'occasion pour vous d'obtenir plus d'informations. Montrez votre d\u00e9termination et votre envie de vous mettre en jeu en remplissant notre test d'aptitude !<\/sr7-txt>\n\t\t\t\t\t\t\t<sr7-txt id=\"SR7_6_1-39-37\" class=\"sr7-layer\">04<\/sr7-txt>\n\t\t\t\t\t\t\t<sr7-txt id=\"SR7_6_1-39-38\" class=\"sr7-layer\">05<\/sr7-txt>\n\t\t\t\t\t\t<\/sr7-slide>\n\t\t\t\t\t\t<sr7-slide id=\"SR7_6_1-40\" data-key=\"40\">\n\t\t\t\t\t\t\t<sr7-bg id=\"SR7_6_1-40-95\" class=\"sr7-layer\"><noscript><img decoding=\"async\" src=\"https:\/\/fantipackaging.com\/usa\/wp-content\/uploads\/2025\/06\/shutterstock_2014536923.jpg\" alt=\"\" title=\"shutterstock_2014536923\"><\/noscript><\/sr7-bg>\n\t\t\t\t\t\t\t<sr7-txt id=\"SR7_6_1-40-12\" class=\"sr7-layer\">Bienvenue \u00e0 Bor<\/sr7-txt>\n\t\t\t\t\t\t\t<sr7-txt id=\"SR7_6_1-40-14\" class=\"sr7-layer\">Si vous avez r\u00e9ussi toutes les \u00e9tapes de s\u00e9lection, nous sommes pr\u00eats \u00e0 vous accueillir dans notre Family Soul, Global Vision<\/sr7-txt>\n\t\t\t\t\t\t\t<sr7-txt id=\"SR7_6_1-40-37\" class=\"sr7-layer\">05<\/sr7-txt>\n\t\t\t\t\t\t\t<sr7-txt id=\"SR7_6_1-40-38\" class=\"sr7-layer\">05<\/sr7-txt>\n\t\t\t\t\t\t<\/sr7-slide>\n\t\t\t\t\t\t<sr7-slide id=\"SR7_6_1-41\" data-key=\"41\">\n\t\t\t\t\t\t<\/sr7-slide>\n\t\t\t\t\t<\/sr7-content>\n\t\t\t\t\t<image_lists style=\"display:none\">\n\t\t\t\t\t\t<img data-src=\"\/\/fantipackaging.com\/usa\/wp-content\/uploads\/revslider\/italianjob\/icon1.png\" data-libid=\"6788\" data-lib=\"medialibrary\" title=\"icon1.png\" width=\"0\" height=\"0\" data-dbsrc=\"Ly9mYW50aXBhY2thZ2luZy5jb20vdXNhL3dwLWNvbnRlbnQvdXBsb2Fkcy9yZXZzbGlkZXIvaXRhbGlhbmpvYi9pY29uMS5wbmc=\"\/>\n\t\t\t\t\t\t<img data-src=\"\/\/fantipackaging.com\/usa\/wp-content\/uploads\/2025\/06\/slide1-1.jpg\" data-libid=\"8243\" data-lib=\"medialibrary\" title=\"slide1-1\" width=\"0\" height=\"0\" data-dbsrc=\"Ly9mYW50aXBhY2thZ2luZy5jb20vdXNhL3dwLWNvbnRlbnQvdXBsb2Fkcy8yMDI1LzA2L3NsaWRlMS0xLmpwZw==\"\/>\n\t\t\t\t\t\t<img data-src=\"\/\/fantipackaging.com\/usa\/wp-content\/uploads\/revslider\/italianjob\/icon2.png\" data-libid=\"6796\" data-lib=\"medialibrary\" title=\"icon2.png\" width=\"0\" height=\"0\" data-dbsrc=\"Ly9mYW50aXBhY2thZ2luZy5jb20vdXNhL3dwLWNvbnRlbnQvdXBsb2Fkcy9yZXZzbGlkZXIvaXRhbGlhbmpvYi9pY29uMi5wbmc=\"\/>\n\t\t\t\t\t\t<img data-src=\"\/\/fantipackaging.com\/usa\/wp-content\/uploads\/2025\/06\/slide2.jpg\" data-libid=\"8247\" data-lib=\"medialibrary\" title=\"slide2\" width=\"0\" height=\"0\" data-dbsrc=\"Ly9mYW50aXBhY2thZ2luZy5jb20vdXNhL3dwLWNvbnRlbnQvdXBsb2Fkcy8yMDI1LzA2L3NsaWRlMi5qcGc=\"\/>\n\t\t\t\t\t\t<img data-src=\"\/\/fantipackaging.com\/usa\/wp-content\/uploads\/revslider\/italianjob\/icon3.png\" data-libid=\"6804\" data-lib=\"medialibrary\" title=\"icon3.png\" width=\"0\" height=\"0\" data-dbsrc=\"Ly9mYW50aXBhY2thZ2luZy5jb20vdXNhL3dwLWNvbnRlbnQvdXBsb2Fkcy9yZXZzbGlkZXIvaXRhbGlhbmpvYi9pY29uMy5wbmc=\"\/>\n\t\t\t\t\t\t<img data-src=\"\/\/fantipackaging.com\/usa\/wp-content\/uploads\/2025\/06\/slide3.jpg\" data-libid=\"8251\" data-lib=\"medialibrary\" title=\"slide3\" width=\"0\" height=\"0\" data-dbsrc=\"Ly9mYW50aXBhY2thZ2luZy5jb20vdXNhL3dwLWNvbnRlbnQvdXBsb2Fkcy8yMDI1LzA2L3NsaWRlMy5qcGc=\"\/>\n\t\t\t\t\t\t<img data-src=\"\/\/fantipackaging.com\/usa\/wp-content\/uploads\/revslider\/italianjob\/icon4.png\" data-libid=\"6812\" data-lib=\"medialibrary\" title=\"icon4.png\" width=\"0\" height=\"0\" data-dbsrc=\"Ly9mYW50aXBhY2thZ2luZy5jb20vdXNhL3dwLWNvbnRlbnQvdXBsb2Fkcy9yZXZzbGlkZXIvaXRhbGlhbmpvYi9pY29uNC5wbmc=\"\/>\n\t\t\t\t\t\t<img data-src=\"\/\/fantipackaging.com\/usa\/wp-content\/uploads\/2025\/08\/slide4y.jpg\" data-libid=\"8285\" data-lib=\"medialibrary\" title=\"slide4y\" width=\"0\" height=\"0\" data-dbsrc=\"Ly9mYW50aXBhY2thZ2luZy5jb20vdXNhL3dwLWNvbnRlbnQvdXBsb2Fkcy8yMDI1LzA4L3NsaWRlNHkuanBn\"\/>\n\t\t\t\t\t\t<img data-src=\"\/\/fantipackaging.com\/usa\/wp-content\/uploads\/revslider\/italianjob\/icon5.png\" data-libid=\"6820\" data-lib=\"medialibrary\" title=\"icon5.png\" width=\"0\" height=\"0\" data-dbsrc=\"Ly9mYW50aXBhY2thZ2luZy5jb20vdXNhL3dwLWNvbnRlbnQvdXBsb2Fkcy9yZXZzbGlkZXIvaXRhbGlhbmpvYi9pY29uNS5wbmc=\"\/>\n\t\t\t\t\t\t<img data-src=\"\/\/fantipackaging.com\/usa\/wp-content\/uploads\/2025\/06\/shutterstock_2014536923.jpg\" data-libid=\"8259\" data-lib=\"medialibrary\" title=\"shutterstock_2014536923\" width=\"0\" height=\"0\" data-dbsrc=\"Ly9mYW50aXBhY2thZ2luZy5jb20vdXNhL3dwLWNvbnRlbnQvdXBsb2Fkcy8yMDI1LzA2L3NodXR0ZXJzdG9ja18yMDE0NTM2OTIzLmpwZw==\"\/>\n\t\t\t\t\t<\/image_lists>\n\t\t\t\t<\/sr7-module>\n\t\t\t\t<script>\n\t\t\t\t\twindow.SR7 ??={};SR7.PMH ??={}; SR7.PMH[\"SR7_6_1\"] = {cn:100,state:false,fn: function() { if (window._tpt!==undefined && window._tpt.prepareModuleHeight !== undefined) {  _tpt.prepareModuleHeight({id:\"SR7_6_1\",el:[600,600,768,960,775],type:'standard',shdw:'0',gh:[600,600,768,960,720],gw:[1240,1240,1024,778,480],vpt:['-100px&#039;,&#039;-100px&#039;,&#039;-100px&#039;,&#039;-100px&#039;,&#039;-100px'],size:{fullWidth:false, fullHeight:false},mh:'0',onh:0,onw:0,bg:{color:'{\"orig\":\"transparent\",\"type\":\"solid\",\"string\":\"transparent\"}'}});   SR7.PMH[\"SR7_6_1\"].state=true;} else if(SR7.PMH[\"SR7_6_1\"].cn-->0)\tsetTimeout( SR7.PMH[\"SR7_6_1\"].fn,19);}};SR7.PMH[\"SR7_6_1\" ].fn();\n\t\t\t\t<\/script>\n[\/vc_column][\/vc_row][vc_row css=\u00a0\u00bb.vc_custom_1745505636244{margin-top: 50px !important;padding-top: 70px !important;}\u00a0\u00bb][vc_column][vc_column_text css=\u00a0\u00bb.vc_custom_1745826122016{margin-bottom: 15px !important;}\u00a0\u00bb]<\/p>\n<p style=\"text-align: center;\">Si vous ne trouvez pas le poste qui vous convient, envoyez-nous votre<\/p>\n<h1 style=\"text-align: center; font-size: 46px;\">CANDIDATURE SPONTAN\u00c9E<\/h1>\n<p>[\/vc_column_text][vc_separator color=\u00a0\u00bbcustom\u00a0\u00bb border_width=\u00a0\u00bb10&Prime; el_width=\u00a0\u00bb40&Prime; css=\u00a0\u00bb.vc_custom_1745324909783{margin-bottom: 50px !important;}\u00a0\u00bb accent_color=\u00a0\u00bb#0E7A3F\u00a0\u00bb]\n<div class=\"wpcf7 no-js\" id=\"wpcf7-f7230-o1\" lang=\"fr-FR\" dir=\"ltr\" data-wpcf7-id=\"7230\">\n<div class=\"screen-reader-response\"><p role=\"status\" aria-live=\"polite\" aria-atomic=\"true\"><\/p> <ul><\/ul><\/div>\n<form action=\"\/usa\/fr\/wp-json\/wp\/v2\/pages\/7121#wpcf7-f7230-o1\" method=\"post\" class=\"wpcf7-form init\" aria-label=\"Formulaire de contact\" enctype=\"multipart\/form-data\" novalidate=\"novalidate\" data-status=\"init\">\n<fieldset class=\"hidden-fields-container\"><input type=\"hidden\" name=\"_wpcf7\" value=\"7230\" \/><input type=\"hidden\" name=\"_wpcf7_version\" value=\"6.1.5\" \/><input type=\"hidden\" name=\"_wpcf7_locale\" value=\"fr_FR\" \/><input type=\"hidden\" name=\"_wpcf7_unit_tag\" value=\"wpcf7-f7230-o1\" \/><input type=\"hidden\" name=\"_wpcf7_container_post\" value=\"0\" \/><input type=\"hidden\" name=\"_wpcf7_posted_data_hash\" value=\"\" \/><input type=\"hidden\" name=\"_wpcf7dtx_version\" value=\"5.0.5\" \/>\n<\/fieldset>\n<div class=\"vc_col-sm-6\">\n\t<p>Pr\u00e9nom *<br \/>\n<span class=\"wpcf7-form-control-wrap\" data-name=\"your-name\"><input size=\"40\" maxlength=\"400\" class=\"wpcf7-form-control wpcf7-text wpcf7-validates-as-required\" aria-required=\"true\" aria-invalid=\"false\" value=\"\" type=\"text\" name=\"your-name\" \/><\/span>\n\t<\/p>\n<\/div>\n<div class=\"vc_col-sm-6\">\n\t<p><label> Pr\u00e9nom *<br \/>\n<span class=\"wpcf7-form-control-wrap\" data-name=\"your-surname\"><input size=\"40\" maxlength=\"400\" class=\"wpcf7-form-control wpcf7-text wpcf7-validates-as-required\" aria-required=\"true\" aria-invalid=\"false\" value=\"\" type=\"text\" name=\"your-surname\" \/><\/span> <\/label>\n\t<\/p>\n<\/div>\n<div class=\"vc_col-sm-12\">\n\t<p><label> Email *<br \/>\n<span class=\"wpcf7-form-control-wrap\" data-name=\"your-email\"><input size=\"40\" maxlength=\"400\" class=\"wpcf7-form-control wpcf7-text wpcf7-validates-as-required\" aria-required=\"true\" aria-invalid=\"false\" value=\"\" type=\"text\" name=\"your-email\" \/><\/span> <\/label>\n\t<\/p>\n<\/div>\n<div class=\"vc_col-sm-12\">\n\t<p><label> Si\u00e8ge op\u00e9rationnel<br \/>\n<span class=\"wpcf7-form-control-wrap\" data-name=\"select-273\"><select class=\"wpcf7-form-control wpcf7-select\" aria-invalid=\"false\" name=\"select-273\"><option value=\"\">Aucune pr\u00e9f\u00e9rence<\/option><option value=\"Giorgio Fanti (Italie \u2013 Casalecchio di Reno, BO)\">Giorgio Fanti (Italie \u2013 Casalecchio di Reno, BO)<\/option><option value=\"Fanti Plast (Italie \u2013 Gemmano, RN)\">Fanti Plast (Italie \u2013 Gemmano, RN)<\/option><option value=\"Fanti Plast (Italie \u2013 Codogno, LO)\">Fanti Plast (Italie \u2013 Codogno, LO)<\/option><option value=\"Fanti Venegoni (Italie \u2013 Trecate, NO)\">Fanti Venegoni (Italie \u2013 Trecate, NO)<\/option><option value=\"Fanti ICM (Italie \u2013 Montechiarugolo, PR)\">Fanti ICM (Italie \u2013 Montechiarugolo, PR)<\/option><option value=\"Fanti OCM (Italie \u2013 Gruaro, VE)\">Fanti OCM (Italie \u2013 Gruaro, VE)<\/option><option value=\"Fanti USA (\u00c9tats-Unis, Weirton)\">Fanti USA (\u00c9tats-Unis, Weirton)<\/option><option value=\"Fanti Espa\u00f1a (Espagne, Madrid)\">Fanti Espa\u00f1a (Espagne, Madrid)<\/option><option value=\"Fanti Romania GII (Roumanie, Bucarest)\">Fanti Romania GII (Roumanie, Bucarest)<\/option><option value=\"ICE (Allemagne, Munich)\">ICE (Allemagne, Munich)<\/option><\/select><\/span><\/label>\n\t<\/p>\n<\/div>\n<div class=\"vc_col-sm-12\">\n\t<p><label> Area aziendale d'interesse<br \/>\n<span class=\"wpcf7-form-control-wrap\" data-name=\"select-402\"><select class=\"wpcf7-form-control wpcf7-select\" aria-invalid=\"false\" name=\"select-402\"><option value=\"\">Aucune pr\u00e9f\u00e9rence<\/option><option value=\"Secteur Achats\">Secteur Achats<\/option><option value=\"Secteur Administration, Finance et Contr\u00f4le\">Secteur Administration, Finance et Contr\u00f4le<\/option><option value=\"Secteur technique\">Secteur technique<\/option><option value=\"Secteur commercial\">Secteur commercial<\/option><option value=\"Secteur RH\">Secteur RH<\/option><option value=\"Secteur TIC\">Secteur TIC<\/option><option value=\"Secteur Entrep\u00f4t\">Secteur Entrep\u00f4t<\/option><option value=\"Secteur Maintenance\">Secteur Maintenance<\/option><option value=\"Secteur Production\">Secteur Production<\/option><option value=\"Secteur S\u00e9curit\u00e9\">Secteur S\u00e9curit\u00e9<\/option><\/select><\/span><\/label>\n\t<\/p>\n<\/div>\n<div class=\"vc_col-sm-12\">\n\t<p><label> Lettre de Pr\u00e9sentation<br \/>\n<span class=\"wpcf7-form-control-wrap\" data-name=\"textarea-188\"><textarea cols=\"40\" rows=\"10\" maxlength=\"800\" class=\"wpcf7-form-control wpcf7-textarea\" aria-invalid=\"false\" placeholder=\"R\u00e9digez une br\u00e8ve pr\u00e9sentation personnelle et professionnelle, en soulignant les raisons pour lesquelles vous souhaitez travailler avec Fanti Packaging. Nombre maximal de caract\u00e8res 800.\" name=\"textarea-188\"><\/textarea><\/span><\/label>\n\t<\/p>\n<\/div>\n<div class=\"vc_col-sm-12\">\n\t<p>Curriculum Vitae\n\t<\/p>\n\t<p><span class=\"wpcf7-form-control-wrap dropuploader-35\" style=\"position: static;\"><input size=\"40\" class=\"wpcf7-form-control wpcf7-dropuploader wpcf7-validates-as-required\" accept=\"\" aria-required=\"true\" aria-invalid=\"false\" type=\"file\" name=\"dropuploader-35[]\" multiple=\"multiple\" data-count=\"1\" \/><\/span>\n\t<\/p>\n\t<p style=\"font-size:12px;margin-bottom:5px;\">Il est possible de t\u00e9l\u00e9charger des fichiers aux formats .PDF .DOC .DOCX avec une taille maximale de 2 MB\n\t<\/p>\n<\/div>\n<div class=\"vc_col-sm-12\">\n\t<p style=\"margin-top:40px;\"><strong>Politique de Confidentialit\u00e9*<\/strong><br \/>\n<span class=\"wpcf7-form-control-wrap\" data-name=\"acceptance-181\"><span class=\"wpcf7-form-control wpcf7-acceptance\"><span class=\"wpcf7-list-item\"><label><input type=\"checkbox\" name=\"acceptance-181\" value=\"1\" aria-invalid=\"false\" \/><span class=\"wpcf7-list-item-label\"><span style=\"font-size:12px\">Je consens au traitement de mes donn\u00e9es \u00e0 caract\u00e8re personnel conform\u00e9ment \u00e0 la r\u00e9glementation en vigueur sur la confidentialit\u00e9<\/span><\/label><\/span><\/span><\/span>\n\t<\/p>\n<\/div>\n<div class=\"vc_col-sm-12\" style=\"margin-top:40px;\">\n\t<p><input class=\"wpcf7-form-control wpcf7-submit has-spinner btn btn--cta\" type=\"submit\" value=\"Envoyer Candidature\" \/>\n\t<\/p>\n<\/div><div class=\"wpcf7-response-output\" aria-hidden=\"true\"><\/div>\n<\/form>\n<\/div>\n[vc_empty_space height=\u00a0\u00bb50&Prime;][vc_column_text css=\u00a0\u00bb\u00a0\u00bb]<\/p>\n<p style=\"text-align: center;\"><strong>Notre \u00e9quipe RH examinera attentivement votre candidature et vous contactera si votre profil correspond aux postes \u00e0 pourvoir. Nous vous remercions de l\u2019int\u00e9r\u00eat que vous portez \u00e0 Fanti Packaging et du temps que vous nous accordez. <\/strong><\/p>\n<p>[\/vc_column_text][\/vc_column][\/vc_row]<\/p>\n<\/div>","protected":false},"excerpt":{"rendered":"<p>[vc_row full_width=\u00a0\u00bbstretch_row_content\u00a0\u00bb el_class=\u00a0\u00bbtopimage\u00a0\u00bb css=\u00a0\u00bb.vc_custom_1756132385864{background-image: url(https:\/\/fantipackaging.com\/usa\/wp-content\/uploads\/2025\/08\/top-lavora-con-noi.jpg?id=8289) !important;}\u00a0\u00bb][vc_column][vc_empty_space][\/vc_column][\/vc_row][vc_row css=\u00a0\u00bb.vc_custom_1745421531177{padding-top: 40px !important;}\u00a0\u00bb][vc_column][vc_column_text css=\u00a0\u00bb.vc_custom_1745826015876{margin-bottom: 15px !important;}\u00a0\u00bb] TRAVAILLEZ AVEC NOUS [\/vc_column_text][vc_separator color=\u00a0\u00bbcustom\u00a0\u00bb border_width=\u00a0\u00bb10&Prime; el_width=\u00a0\u00bb40&Prime; css=\u00a0\u00bb.vc_custom_1745324909783{margin-bottom: 50px !important;}\u00a0\u00bb accent_color=\u00a0\u00bb#0E7A3F\u00a0\u00bb][vc_column_text css=\u00a0\u00bb.vc_custom_1745826027953{padding-top: 40px !important;padding-bottom: 40px !important;}\u00a0\u00bb] Chez Fanti Packaging, nous croyons que les personnes sont le c\u0153ur battant de notre succ\u00e8s. Nous valorisons chaque personne pour ses sp\u00e9cificit\u00e9s, en offrant transparence, formation et<\/p>\n","protected":false},"author":1,"featured_media":0,"parent":0,"menu_order":0,"comment_status":"closed","ping_status":"closed","template":"","meta":{"cybocfi_hide_featured_image":"","footnotes":""},"categories":[],"tags":[],"class_list":["post-7121","page","type-page","status-publish","hentry","description-off"],"_links":{"self":[{"href":"https:\/\/fantipackaging.com\/usa\/fr\/wp-json\/wp\/v2\/pages\/7121","targetHints":{"allow":["GET"]}}],"collection":[{"href":"https:\/\/fantipackaging.com\/usa\/fr\/wp-json\/wp\/v2\/pages"}],"about":[{"href":"https:\/\/fantipackaging.com\/usa\/fr\/wp-json\/wp\/v2\/types\/page"}],"author":[{"embeddable":true,"href":"https:\/\/fantipackaging.com\/usa\/fr\/wp-json\/wp\/v2\/users\/1"}],"replies":[{"embeddable":true,"href":"https:\/\/fantipackaging.com\/usa\/fr\/wp-json\/wp\/v2\/comments?post=7121"}],"version-history":[{"count":6,"href":"https:\/\/fantipackaging.com\/usa\/fr\/wp-json\/wp\/v2\/pages\/7121\/revisions"}],"predecessor-version":[{"id":8294,"href":"https:\/\/fantipackaging.com\/usa\/fr\/wp-json\/wp\/v2\/pages\/7121\/revisions\/8294"}],"wp:attachment":[{"href":"https:\/\/fantipackaging.com\/usa\/fr\/wp-json\/wp\/v2\/media?parent=7121"}],"wp:term":[{"taxonomy":"category","embeddable":true,"href":"https:\/\/fantipackaging.com\/usa\/fr\/wp-json\/wp\/v2\/categories?post=7121"},{"taxonomy":"post_tag","embeddable":true,"href":"https:\/\/fantipackaging.com\/usa\/fr\/wp-json\/wp\/v2\/tags?post=7121"}],"curies":[{"name":"wp","href":"https:\/\/api.w.org\/{rel}","templated":true}]}}