{"id":6874,"date":"2025-04-22T14:28:31","date_gmt":"2025-04-22T12:28:31","guid":{"rendered":"https:\/\/fantipackaging.com\/usa\/company\/"},"modified":"2025-08-25T17:01:24","modified_gmt":"2025-08-25T15:01:24","slug":"las-empresas","status":"publish","type":"page","link":"https:\/\/fantipackaging.com\/usa\/es\/las-empresas\/","title":{"rendered":"Las Empresas"},"content":{"rendered":"<div class=\"wpb-content-wrapper\"><p>[vc_row full_width=\u00bbstretch_row_content\u00bb el_class=\u00bbtopimage\u00bb css=\u00bb.vc_custom_1747232627909{background-image: url(https:\/\/fantipackaging.com\/usa\/wp-content\/uploads\/2025\/05\/BRAND_-cover.jpg?id=8166) !important;}\u00bb][vc_column][vc_empty_space][\/vc_column][\/vc_row][vc_row css=\u00bb.vc_custom_1745224600624{padding-top: 40px !important;padding-bottom: 40px !important;}\u00bb][vc_column][vc_column_text css=\u00bb.vc_custom_1747232446172{margin-bottom: 15px !important;}\u00bb]<\/p>\n<h1><img loading=\"lazy\" decoding=\"async\" class=\"wp-image-6404 aligncenter\" src=\"https:\/\/fantipackaging.com\/usa\/wp-content\/uploads\/2025\/04\/branmd.png\" alt=\"\" width=\"82\" height=\"51\" \/><\/h1>\n<h1 style=\"text-align: center;\">COMPANY: FANTI PACKAGING USA<\/h1>\n<p>[\/vc_column_text][vc_separator color=\u00bbcustom\u00bb border_width=\u00bb10&#8243; el_width=\u00bb40&#8243; css=\u00bb.vc_custom_1745324909783{margin-bottom: 50px !important;}\u00bb accent_color=\u00bb#0E7A3F\u00bb][vc_column_text css=\u00bb.vc_custom_1747232934147{padding-top: 40px !important;padding-bottom: 40px !important;}\u00bb]En 2024 Fanti Packaging ha iniciado un nuevo y emocionante cap\u00edtulo de su trayectoria, abriendo\u00a0<strong>Fanti USA<\/strong>: un<strong>\u00a0modern\u00edsimo establecimiento productivo<\/strong>\u00a0en\u00a0<strong>West Virginia, EE.UU.<\/strong>, que se extiende sobre unos 10.000 m\u00b2, de los cuales casi 9.000 m\u00b2 est\u00e1n dedicados a la producci\u00f3n, con una inversi\u00f3n total de aproximadamente\u00a0<strong>treinta millones de d\u00f3lares<\/strong>.<\/p>\n<p>La anterior decisi\u00f3n represente la culminaci\u00f3n de una larga trayectoria de investigaci\u00f3n, planificaci\u00f3n, e inversiones, as\u00ed como de an\u00e1lisis de localizaci\u00f3n y cadena de suministro y el inicio de un proyecto ambicioso mediante el cual llevar\u00a0<strong>la excelencia<\/strong>\u00a0<strong>de las soluciones de envasado en metal de alta calidad para pinturas y soluciones qu\u00edmicas<\/strong>\u00a0de Fanti Packaging en las m\u00e1s importantes realidades de los sectores del\u00a0<strong>Noreste<\/strong>\u00a0y del\u00a0<strong>Medio Oeste estadounidenses<\/strong>.[\/vc_column_text][\/vc_column][\/vc_row][vc_row css=\u00bb.vc_custom_1747231423947{padding-bottom: 40px !important;}\u00bb][vc_column][vc_single_image image=\u00bb8300&#8243; img_size=\u00bbfull\u00bb alignment=\u00bbcenter\u00bb css=\u00bb\u00bb][\/vc_column][\/vc_row][vc_row][vc_column][vc_column_text css=\u00bb\u00bb]Nuestra ambici\u00f3n es convertirnos en un\u00a0<strong>punto de referencia para el mercado de ultramar<\/strong>, as\u00ed como Fanti Packaging lo es en Europa, por la\u00a0<strong>innovaci\u00f3n<\/strong>\u00a0que tratamos de introducir en cada una de nuestras soluciones. Poseemos\u00a0<strong>una experiencia consolidada de m\u00e1s de 70 a\u00f1os<\/strong>\u00a0en la casa madre bolo\u00f1esa, creemos e invertimos en\u00a0<strong>investigaci\u00f3n y desarrollo<\/strong>\u00a0a fin de garantizar aquella\u00a0<strong>calidad<\/strong>\u00a0que nos hace extremadamente competitivos y para continuar satisfaciendo los requerimientos de nuestros clientes, aportando as\u00ed al progreso y al crecimiento sustentable de la industria.<\/p>\n<p>En efecto,<strong>\u00a0innovaci\u00f3n<\/strong>,\u00a0<strong>flexibilidad\u00a0<\/strong>y\u00a0<strong>sustentabilidad<\/strong>\u00a0son los principios gu\u00eda de cada una de nuestras decisiones. Nos comprometemos a proporcionar\u00a0<strong>soluciones personalizadas<\/strong>\u00a0y de alt\u00edsima calidad, reduciendo\u00a0<strong>al m\u00ednimo el impacto ambiental<\/strong>. Nos impulsan\u00a0<strong>pasi\u00f3n<\/strong>\u00a0y\u00a0<strong>determinaci\u00f3n<\/strong>, con lo cual trabajamos duramente para satisfacer los requerimientos de nuestros clientes y enfrentar con \u00e9xito los desaf\u00edos de un mercado cada vez m\u00e1s din\u00e1mico.<\/p>\n<p>Creemos en el\u00a0<strong>crecimiento inclusivo y global<\/strong>, promoviendo s\u00f3lidos v\u00ednculos con las comunidades en las cuales operamos y dando prioridad a la protecci\u00f3n del ambiente. Cuando eliges Fanti USA obtienes un interlocutor fiable y dedicado a proporcionar la excelencia en el envasado, sobre la base de decenios de experiencia y de una dedicaci\u00f3n inquebrantable.[\/vc_column_text][\/vc_column][\/vc_row]<\/p>\n<\/div>","protected":false},"excerpt":{"rendered":"<p>[vc_row full_width=\u00bbstretch_row_content\u00bb el_class=\u00bbtopimage\u00bb css=\u00bb.vc_custom_1747232627909{background-image: url(https:\/\/fantipackaging.com\/usa\/wp-content\/uploads\/2025\/05\/BRAND_-cover.jpg?id=8166) !important;}\u00bb][vc_column][vc_empty_space][\/vc_column][\/vc_row][vc_row css=\u00bb.vc_custom_1745224600624{padding-top: 40px !important;padding-bottom: 40px !important;}\u00bb][vc_column][vc_column_text css=\u00bb.vc_custom_1747232446172{margin-bottom: 15px !important;}\u00bb] COMPANY: FANTI PACKAGING USA [\/vc_column_text][vc_separator color=\u00bbcustom\u00bb border_width=\u00bb10&#8243; el_width=\u00bb40&#8243; css=\u00bb.vc_custom_1745324909783{margin-bottom: 50px !important;}\u00bb accent_color=\u00bb#0E7A3F\u00bb][vc_column_text css=\u00bb.vc_custom_1747232934147{padding-top: 40px !important;padding-bottom: 40px !important;}\u00bb]En 2024 Fanti Packaging ha iniciado un nuevo y emocionante cap\u00edtulo de su trayectoria, abriendo\u00a0Fanti USA: un\u00a0modern\u00edsimo establecimiento productivo\u00a0en\u00a0West Virginia, EE.UU., que se extiende sobre<\/p>\n","protected":false},"author":1,"featured_media":0,"parent":0,"menu_order":0,"comment_status":"closed","ping_status":"closed","template":"","meta":{"cybocfi_hide_featured_image":"","footnotes":""},"categories":[],"tags":[],"class_list":["post-6874","page","type-page","status-publish","hentry","description-off"],"_links":{"self":[{"href":"https:\/\/fantipackaging.com\/usa\/es\/wp-json\/wp\/v2\/pages\/6874","targetHints":{"allow":["GET"]}}],"collection":[{"href":"https:\/\/fantipackaging.com\/usa\/es\/wp-json\/wp\/v2\/pages"}],"about":[{"href":"https:\/\/fantipackaging.com\/usa\/es\/wp-json\/wp\/v2\/types\/page"}],"author":[{"embeddable":true,"href":"https:\/\/fantipackaging.com\/usa\/es\/wp-json\/wp\/v2\/users\/1"}],"replies":[{"embeddable":true,"href":"https:\/\/fantipackaging.com\/usa\/es\/wp-json\/wp\/v2\/comments?post=6874"}],"version-history":[{"count":10,"href":"https:\/\/fantipackaging.com\/usa\/es\/wp-json\/wp\/v2\/pages\/6874\/revisions"}],"predecessor-version":[{"id":8340,"href":"https:\/\/fantipackaging.com\/usa\/es\/wp-json\/wp\/v2\/pages\/6874\/revisions\/8340"}],"wp:attachment":[{"href":"https:\/\/fantipackaging.com\/usa\/es\/wp-json\/wp\/v2\/media?parent=6874"}],"wp:term":[{"taxonomy":"category","embeddable":true,"href":"https:\/\/fantipackaging.com\/usa\/es\/wp-json\/wp\/v2\/categories?post=6874"},{"taxonomy":"post_tag","embeddable":true,"href":"https:\/\/fantipackaging.com\/usa\/es\/wp-json\/wp\/v2\/tags?post=6874"}],"curies":[{"name":"wp","href":"https:\/\/api.w.org\/{rel}","templated":true}]}}