{"id":6841,"date":"2025-04-21T10:31:33","date_gmt":"2025-04-21T08:31:33","guid":{"rendered":"https:\/\/fantipackaging.com\/usa\/about-us\/"},"modified":"2025-08-25T16:55:10","modified_gmt":"2025-08-25T14:55:10","slug":"quienes-somos","status":"publish","type":"page","link":"https:\/\/fantipackaging.com\/usa\/es\/quienes-somos\/","title":{"rendered":"Qui\u00e9nes Somos"},"content":{"rendered":"<div class=\"wpb-content-wrapper\"><p>[vc_row full_width=\u00bbstretch_row_content\u00bb el_class=\u00bbtopimage\u00bb css=\u00bb.vc_custom_1756133495897{background-image: url(https:\/\/fantipackaging.com\/usa\/wp-content\/uploads\/2025\/08\/Senza-titolo-1-1.jpg?id=8324) !important;}\u00bb][vc_column][vc_empty_space][\/vc_column][\/vc_row][vc_row css=\u00bb.vc_custom_1745224600624{padding-top: 40px !important;padding-bottom: 40px !important;}\u00bb][vc_column][vc_column_text css=\u00bb.vc_custom_1747228469354{margin-bottom: 15px !important;}\u00bb]<\/p>\n<h1><img loading=\"lazy\" decoding=\"async\" class=\"wp-image-6396 aligncenter\" src=\"https:\/\/fantipackaging.com\/usa\/wp-content\/uploads\/2025\/04\/ic01.png\" alt=\"\" width=\"80\" height=\"80\" \/><\/h1>\n<h1 style=\"text-align: center;\">QUI\u00c9NES SOMOS<\/h1>\n<p>[\/vc_column_text][vc_separator color=\u00bbcustom\u00bb border_width=\u00bb10&#8243; el_width=\u00bb40&#8243; css=\u00bb.vc_custom_1745324953299{margin-bottom: 50px !important;}\u00bb accent_color=\u00bb#0E7A3F\u00bb][vc_column_text css=\u00bb.vc_custom_1747228480347{padding-top: 40px !important;padding-bottom: 40px !important;}\u00bb]Fanti USA es el fruto de la\u00a0<strong>estrategia empresarial de internacionalizaci\u00f3n y de expansi\u00f3n<\/strong>\u00a0de Fanti Packaging, empresa con sede en Casalecchio di Reno (Bolonia, Italia) que, desde hace m\u00e1s de setenta a\u00f1os, es l\u00edder global en el\u00a0<strong>sector del envasado primario para pinturas y productos qu\u00edmicos<\/strong>.<br \/>\nCreada en 2024 en Weirton, West Virginia, Fanti USA se propone el objetivo de operar en el\u00a0<strong>mercado estadounidense<\/strong>, en particular en las m\u00e1s importantes realidades del sector del\u00a0<strong>Noreste<\/strong>\u00a0y del\u00a0<strong>Medio Oeste<\/strong>, gracias a una<strong>\u00a0gama vers\u00e1til y de alta calidad de botes, cubos y bidones de metal<\/strong>.[\/vc_column_text][\/vc_column][\/vc_row][vc_row full_width=\u00bbstretch_row_content_no_spaces\u00bb gap=\u00bb30&#8243; css=\u00bb.vc_custom_1744809923388{padding-top: 70px !important;padding-bottom: 70px !important;}\u00bb][vc_column width=\u00bb1\/12&#8243;][\/vc_column][vc_column width=\u00bb5\/12&#8243;][vc_column_text css=\u00bb.vc_custom_1747228496620{margin-bottom: 15px !important;}\u00bb]<\/p>\n<h1><img loading=\"lazy\" decoding=\"async\" class=\"alignleft wp-image-8126\" src=\"https:\/\/fantipackaging.com\/usa\/wp-content\/uploads\/2025\/05\/01ic.png\" alt=\"\" width=\"50\" height=\"50\" \/><\/h1>\n<h1>EL GRUPO: FANTI PACKAGING<\/h1>\n<p>[\/vc_column_text][vc_separator color=\u00bbcustom\u00bb border_width=\u00bb10&#8243; css=\u00bb.vc_custom_1744808664790{margin-bottom: 50px !important;}\u00bb accent_color=\u00bb#0E7A3F\u00bb][vc_column_text css=\u00bb.vc_custom_1747228506726{padding-top: 40px !important;padding-bottom: 40px !important;}\u00bb]<strong>Fanti Packaging<\/strong>\u00a0es\u00a0<strong>desde hace m\u00e1s de setenta a\u00f1os\u00a0<\/strong>una referencia internacional en el sector del envasado industrial, con una producci\u00f3n de\u00a0<strong>botes, cubos y bidones de metal, de pl\u00e1stico y de materiales h\u00edbridos para los sectores qu\u00edmico y alimentario<\/strong>.[\/vc_column_text]<style type=\"text\/css\" data-type=\"the7_shortcodes-inline-css\">#default-btn-15f1e8fe099d85ce95b8c9f208c2c44d.ico-right-side > i {\n  margin-right: 0px;\n  margin-left: 8px;\n}\n#default-btn-15f1e8fe099d85ce95b8c9f208c2c44d > i {\n  margin-right: 8px;\n}\n<\/style><a href=\"\/es\/el-grupo\/\" class=\"default-btn-shortcode dt-btn dt-btn-l link-hover-off btn-inline-left \" id=\"default-btn-15f1e8fe099d85ce95b8c9f208c2c44d\"><span>Descubra m\u00e1s<\/span><\/a>[\/vc_column][vc_column width=\u00bb1\/2&#8243; css=\u00bb.vc_custom_1745219091840{padding-left: 0px !important;}\u00bb el_class=\u00bbcolumnroundssx\u00bb][vc_single_image image=\u00bb8103&#8243; img_size=\u00bbfull\u00bb alignment=\u00bbcenter\u00bb style=\u00bbvc_box_rounded\u00bb css=\u00bb.vc_custom_1747219707525{border-radius: 35px !important;}\u00bb image_hovers=\u00bbfalse\u00bb el_class=\u00bbroundsx\u00bb][\/vc_column][\/vc_row][vc_row full_width=\u00bbstretch_row_content_no_spaces\u00bb gap=\u00bb30&#8243; css=\u00bb.vc_custom_1745222901372{padding-top: 70px !important;padding-bottom: 70px !important;}\u00bb el_class=\u00bbswap-on-mobile\u00bb][vc_column width=\u00bb1\/2&#8243; css=\u00bb.vc_custom_1745219077547{padding-left: 0px !important;}\u00bb el_class=\u00bbcolumnroundsdx\u00bb][vc_single_image image=\u00bb8311&#8243; img_size=\u00bbfull\u00bb alignment=\u00bbcenter\u00bb style=\u00bbvc_box_rounded\u00bb css=\u00bb.vc_custom_1756133392175{border-radius: 35px !important;}\u00bb el_class=\u00bbrounddx\u00bb][\/vc_column][vc_column width=\u00bb5\/12&#8243;][vc_column_text css=\u00bb.vc_custom_1747227167849{margin-bottom: 15px !important;}\u00bb]<\/p>\n<h1 style=\"text-align: right;\">COMPANY: FANTI USA<img loading=\"lazy\" decoding=\"async\" class=\"alignright wp-image-6366\" src=\"https:\/\/fantipackaging.com\/usa\/wp-content\/uploads\/2025\/04\/branmd.png\" alt=\"\" width=\"80\" height=\"80\" \/><\/h1>\n<p>[\/vc_column_text][vc_separator color=\u00bbcustom\u00bb border_width=\u00bb10&#8243; css=\u00bb.vc_custom_1744808664790{margin-bottom: 50px !important;}\u00bb accent_color=\u00bb#0E7A3F\u00bb][vc_column_text css=\u00bb.vc_custom_1747228560969{padding-top: 40px !important;padding-bottom: 40px !important;}\u00bb]En 2024 Fanti Packaging ha iniciado un nuevo y emocionante cap\u00edtulo de su trayectoria, abriendo\u00a0<strong>Fanti USA<\/strong>: un<strong>\u00a0modern\u00edsimo establecimiento productivo<\/strong>\u00a0en\u00a0<strong>West Virginia, EE.UU.<\/strong>, que se extiende sobre unos 10.000 m\u00b2, de los cuales casi 9.000 m\u00b2 est\u00e1n dedicados a la producci\u00f3n, con una inversi\u00f3n total de aproximadamente\u00a0<strong>treinta millones de d\u00f3lares<\/strong>.[\/vc_column_text]<style type=\"text\/css\" data-type=\"the7_shortcodes-inline-css\">#default-btn-a50636efa9d2178e2b4e8cc193190823.ico-right-side > i {\n  margin-right: 0px;\n  margin-left: 8px;\n}\n#default-btn-a50636efa9d2178e2b4e8cc193190823 > i {\n  margin-right: 8px;\n}\n<\/style><a href=\"\/es\/las-empresas\/\" class=\"default-btn-shortcode dt-btn dt-btn-l link-hover-off btn-inline-right \" id=\"default-btn-a50636efa9d2178e2b4e8cc193190823\"><span>Descubra m\u00e1s<\/span><\/a>[\/vc_column][vc_column width=\u00bb1\/12&#8243;][\/vc_column][\/vc_row]<\/p>\n<\/div>","protected":false},"excerpt":{"rendered":"<p>[vc_row full_width=\u00bbstretch_row_content\u00bb el_class=\u00bbtopimage\u00bb css=\u00bb.vc_custom_1756133495897{background-image: url(https:\/\/fantipackaging.com\/usa\/wp-content\/uploads\/2025\/08\/Senza-titolo-1-1.jpg?id=8324) !important;}\u00bb][vc_column][vc_empty_space][\/vc_column][\/vc_row][vc_row css=\u00bb.vc_custom_1745224600624{padding-top: 40px !important;padding-bottom: 40px !important;}\u00bb][vc_column][vc_column_text css=\u00bb.vc_custom_1747228469354{margin-bottom: 15px !important;}\u00bb] QUI\u00c9NES SOMOS [\/vc_column_text][vc_separator color=\u00bbcustom\u00bb border_width=\u00bb10&#8243; el_width=\u00bb40&#8243; css=\u00bb.vc_custom_1745324953299{margin-bottom: 50px !important;}\u00bb accent_color=\u00bb#0E7A3F\u00bb][vc_column_text css=\u00bb.vc_custom_1747228480347{padding-top: 40px !important;padding-bottom: 40px !important;}\u00bb]Fanti USA es el fruto de la\u00a0estrategia empresarial de internacionalizaci\u00f3n y de expansi\u00f3n\u00a0de Fanti Packaging, empresa con sede en Casalecchio di Reno (Bolonia, Italia) que, desde hace<\/p>\n","protected":false},"author":1,"featured_media":0,"parent":0,"menu_order":0,"comment_status":"closed","ping_status":"closed","template":"","meta":{"cybocfi_hide_featured_image":"","footnotes":""},"categories":[],"tags":[],"class_list":["post-6841","page","type-page","status-publish","hentry","description-off"],"_links":{"self":[{"href":"https:\/\/fantipackaging.com\/usa\/es\/wp-json\/wp\/v2\/pages\/6841","targetHints":{"allow":["GET"]}}],"collection":[{"href":"https:\/\/fantipackaging.com\/usa\/es\/wp-json\/wp\/v2\/pages"}],"about":[{"href":"https:\/\/fantipackaging.com\/usa\/es\/wp-json\/wp\/v2\/types\/page"}],"author":[{"embeddable":true,"href":"https:\/\/fantipackaging.com\/usa\/es\/wp-json\/wp\/v2\/users\/1"}],"replies":[{"embeddable":true,"href":"https:\/\/fantipackaging.com\/usa\/es\/wp-json\/wp\/v2\/comments?post=6841"}],"version-history":[{"count":7,"href":"https:\/\/fantipackaging.com\/usa\/es\/wp-json\/wp\/v2\/pages\/6841\/revisions"}],"predecessor-version":[{"id":8332,"href":"https:\/\/fantipackaging.com\/usa\/es\/wp-json\/wp\/v2\/pages\/6841\/revisions\/8332"}],"wp:attachment":[{"href":"https:\/\/fantipackaging.com\/usa\/es\/wp-json\/wp\/v2\/media?parent=6841"}],"wp:term":[{"taxonomy":"category","embeddable":true,"href":"https:\/\/fantipackaging.com\/usa\/es\/wp-json\/wp\/v2\/categories?post=6841"},{"taxonomy":"post_tag","embeddable":true,"href":"https:\/\/fantipackaging.com\/usa\/es\/wp-json\/wp\/v2\/tags?post=6841"}],"curies":[{"name":"wp","href":"https:\/\/api.w.org\/{rel}","templated":true}]}}