{"id":6836,"date":"2025-04-21T10:25:46","date_gmt":"2025-04-21T08:25:46","guid":{"rendered":"https:\/\/fantipackaging.com\/usa\/the-group\/"},"modified":"2025-06-16T06:19:30","modified_gmt":"2025-06-16T04:19:30","slug":"el-grupo","status":"publish","type":"page","link":"https:\/\/fantipackaging.com\/usa\/es\/el-grupo\/","title":{"rendered":"El Grupo"},"content":{"rendered":"<div class=\"wpb-content-wrapper\"><p>[vc_row full_width=\u00bbstretch_row_content\u00bb el_class=\u00bbtopimage\u00bb css=\u00bb.vc_custom_1747231274799{background-image: url(https:\/\/fantipackaging.com\/usa\/wp-content\/uploads\/2025\/05\/SF06.jpg?id=8134) !important;}\u00bb][vc_column][vc_empty_space][\/vc_column][\/vc_row][vc_row][vc_column][vc_column_text css=\u00bb.vc_custom_1747231625120{margin-bottom: 15px !important;}\u00bb]<\/p>\n<h1><img loading=\"lazy\" decoding=\"async\" class=\"aligncenter\" src=\"https:\/\/fantipackaging.com\/usa\/wp-content\/uploads\/2025\/04\/ic01.png\" alt=\"\" width=\"80\" height=\"70\" \/><\/h1>\n<h1 style=\"text-align: center;\">EL GRUPO: FANTI PACKAGING<\/h1>\n<p>[\/vc_column_text][vc_separator color=\u00bbcustom\u00bb border_width=\u00bb10&#8243; el_width=\u00bb40&#8243; css=\u00bb.vc_custom_1745324962949{margin-bottom: 50px !important;}\u00bb accent_color=\u00bb#0E7A3F\u00bb][vc_column_text css=\u00bb.vc_custom_1747231633969{padding-top: 40px !important;padding-bottom: 40px !important;}\u00bb]<strong>Fanti Packaging<\/strong>\u00a0es\u00a0<strong>desde hace m\u00e1s de setenta a\u00f1os\u00a0<\/strong>una referencia internacional en el sector del envasado industrial, con una producci\u00f3n de\u00a0<strong>botes, cubos y bidones de metal, de pl\u00e1stico y de materiales h\u00edbridos para los sectores qu\u00edmico y alimentario<\/strong>.<\/p>\n<p>Fundada como Giorgio Fanti S.p.A. en\u00a0<strong>1948<\/strong>\u00a0en\u00a0<strong>Bolonia (Italia)<\/strong>\u00a0por su creador Giorgio Fanti y actualmente ubicada con su sede central en Casalecchio di Reno (BO, Italia), ha evolucionado y se ha desarrollado con\u00a0<strong>innovaci\u00f3n<\/strong>\u00a0y\u00a0<strong>crecimiento constante<\/strong>\u00a0y, as\u00ed, de peque\u00f1a realidad local ha pasado a ser una\u00a0<strong>multinacional familiar<\/strong>\u00a0mediante una\u00a0<strong>atenta pol\u00edtica de adquisiciones y de internacionalizaci\u00f3n<\/strong>\u00a0que la familia Fanti, con la colaboraci\u00f3n de acreditados ejecutivos, ha sabido consolidar.[\/vc_column_text][\/vc_column][\/vc_row][vc_row css=\u00bb.vc_custom_1747231423947{padding-bottom: 40px !important;}\u00bb][vc_column][vc_single_image image=\u00bb8149&#8243; img_size=\u00bbfull\u00bb alignment=\u00bbcenter\u00bb css=\u00bb\u00bb][\/vc_column][\/vc_row][vc_row][vc_column][vc_column_text css=\u00bb\u00bb]Hoy nuestra empresa est\u00e1 presente en\u00a0<strong>m\u00e1s de cincuenta pa\u00edses\u00a0<\/strong>con\u00a0<strong>diez unidades de negocios<\/strong>\u00a0que operan en\u00a0<strong>siete bases productivas en Italia<\/strong>,\u00a0<strong>cuatro en Europa<\/strong>,\u00a0<strong>una en EE.UU.<\/strong>\u00a0y\u00a0<strong>una alianza comercial en Alemania<\/strong>.<\/p>\n<p>Con\u00a0<strong>m\u00e1s de quinientos trabajadores y colaboradores<\/strong>, producimos\u00a0<strong>anualmente m\u00e1s de 180 millones de piezas<\/strong>, combinando una\u00a0<strong>acci\u00f3n industrial global\u00a0<\/strong>con una\u00a0<strong>s\u00f3lida presencia territorial<\/strong>.<\/p>\n<p>Desde sus inicios Fanti Packaging ha hecho de la\u00a0<strong>innovaci\u00f3n<\/strong>\u00a0su principal objetivo, trasformando una lata de carne en un envase para pinturas y soluciones qu\u00edmicas.<\/p>\n<p>Esta\u00a0<strong>capacidad de mirar a largo plazo<\/strong>\u00a0ha caracterizado la evoluci\u00f3n de la empresa, que ha sabido integrar tambi\u00e9n la\u00a0<strong>flexibilidad<\/strong>\u00a0entre sus misiones en pos de un crecimiento sustentable. Hoy Fanti Packaging es colaboradora de numerosas entre las principales realidades del sector gracias a su capacidad de\u00a0<strong>diversificar<\/strong>\u00a0su propia producci\u00f3n y de\u00a0<strong>personalizar<\/strong>\u00a0cada suministro, garantizando\u00a0<strong>elevados est\u00e1ndares de calidad<\/strong>\u00a0seg\u00fan criterios de\u00a0<strong>respeto ambiental<\/strong>\u00a0reconocidos a nivel internacional.<\/p>\n<p>Nuestro lema es: \u201c<strong>Alma familiar, visi\u00f3n global<\/strong>\u201d. Porque para nosotros la pertenencia es todo: es el lente con el cual observamos el mundo, la br\u00fajula que nos permite llegar muy lejos.[\/vc_column_text][\/vc_column][\/vc_row]<\/p>\n<\/div>","protected":false},"excerpt":{"rendered":"<p>[vc_row full_width=\u00bbstretch_row_content\u00bb el_class=\u00bbtopimage\u00bb css=\u00bb.vc_custom_1747231274799{background-image: url(https:\/\/fantipackaging.com\/usa\/wp-content\/uploads\/2025\/05\/SF06.jpg?id=8134) !important;}\u00bb][vc_column][vc_empty_space][\/vc_column][\/vc_row][vc_row][vc_column][vc_column_text css=\u00bb.vc_custom_1747231625120{margin-bottom: 15px !important;}\u00bb] EL GRUPO: FANTI PACKAGING [\/vc_column_text][vc_separator color=\u00bbcustom\u00bb border_width=\u00bb10&#8243; el_width=\u00bb40&#8243; css=\u00bb.vc_custom_1745324962949{margin-bottom: 50px !important;}\u00bb accent_color=\u00bb#0E7A3F\u00bb][vc_column_text css=\u00bb.vc_custom_1747231633969{padding-top: 40px !important;padding-bottom: 40px !important;}\u00bb]Fanti Packaging\u00a0es\u00a0desde hace m\u00e1s de setenta a\u00f1os\u00a0una referencia internacional en el sector del envasado industrial, con una producci\u00f3n de\u00a0botes, cubos y bidones de metal, de pl\u00e1stico y de materiales h\u00edbridos<\/p>\n","protected":false},"author":1,"featured_media":0,"parent":0,"menu_order":0,"comment_status":"closed","ping_status":"closed","template":"","meta":{"cybocfi_hide_featured_image":"","footnotes":""},"categories":[],"tags":[],"class_list":["post-6836","page","type-page","status-publish","hentry","description-off"],"_links":{"self":[{"href":"https:\/\/fantipackaging.com\/usa\/es\/wp-json\/wp\/v2\/pages\/6836","targetHints":{"allow":["GET"]}}],"collection":[{"href":"https:\/\/fantipackaging.com\/usa\/es\/wp-json\/wp\/v2\/pages"}],"about":[{"href":"https:\/\/fantipackaging.com\/usa\/es\/wp-json\/wp\/v2\/types\/page"}],"author":[{"embeddable":true,"href":"https:\/\/fantipackaging.com\/usa\/es\/wp-json\/wp\/v2\/users\/1"}],"replies":[{"embeddable":true,"href":"https:\/\/fantipackaging.com\/usa\/es\/wp-json\/wp\/v2\/comments?post=6836"}],"version-history":[{"count":7,"href":"https:\/\/fantipackaging.com\/usa\/es\/wp-json\/wp\/v2\/pages\/6836\/revisions"}],"predecessor-version":[{"id":8159,"href":"https:\/\/fantipackaging.com\/usa\/es\/wp-json\/wp\/v2\/pages\/6836\/revisions\/8159"}],"wp:attachment":[{"href":"https:\/\/fantipackaging.com\/usa\/es\/wp-json\/wp\/v2\/media?parent=6836"}],"wp:term":[{"taxonomy":"category","embeddable":true,"href":"https:\/\/fantipackaging.com\/usa\/es\/wp-json\/wp\/v2\/categories?post=6836"},{"taxonomy":"post_tag","embeddable":true,"href":"https:\/\/fantipackaging.com\/usa\/es\/wp-json\/wp\/v2\/tags?post=6836"}],"curies":[{"name":"wp","href":"https:\/\/api.w.org\/{rel}","templated":true}]}}