{"id":7127,"date":"2025-04-24T16:23:52","date_gmt":"2025-04-24T14:23:52","guid":{"rendered":"https:\/\/fantipackaging.com\/lavora-con-noi\/"},"modified":"2025-05-16T09:52:20","modified_gmt":"2025-05-16T07:52:20","slug":"trabaja-con-nosostros","status":"publish","type":"page","link":"https:\/\/fantipackaging.com\/es\/trabaja-con-nosostros\/","title":{"rendered":"trabaja con nosostros"},"content":{"rendered":"<div class=\"wpb-content-wrapper\"><p>[vc_row full_width=\u00bbstretch_row_content\u00bb el_class=\u00bbtopimage\u00bb css=\u00bb.vc_custom_1745504685255{background-image: url(https:\/\/fantipackaging.com\/wp-content\/uploads\/2025\/04\/curric.jpg?id=6863) !important;}\u00bb][vc_column][vc_empty_space][\/vc_column][\/vc_row][vc_row css=\u00bb.vc_custom_1745421531177{padding-top: 40px !important;}\u00bb][vc_column el_class=\u00bbmini-shrinkcentro hover-h1&#8243;][vc_column_text css=\u00bb.vc_custom_1745826836541{margin-bottom: 15px !important;}\u00bb]<\/p>\n<h1 style=\"text-align: center;\"><img loading=\"lazy\" decoding=\"async\" class=\"alignnone size-full wp-image-6780\" src=\"https:\/\/fantipackaging.com\/wp-content\/uploads\/2025\/04\/lav.png\" alt=\"\" width=\"59\" height=\"50\" \/><\/h1>\n<h1 style=\"text-align: center;\">TRABAJA CON NOSOTROS<\/h1>\n<p>[\/vc_column_text][vc_separator color=\u00bbcustom\u00bb border_width=\u00bb10&#8243; el_width=\u00bb40&#8243; css_animation=\u00bbappear\u00bb css=\u00bb.vc_custom_1747381885326{margin-bottom: 50px !important;}\u00bb accent_color=\u00bb#0E7A3F\u00bb][vc_column_text css=\u00bb.vc_custom_1745826844448{padding-top: 40px !important;padding-bottom: 40px !important;}\u00bb]<\/p>\n<p style=\"text-align: justify;\">En Fanti Packaging, creemos que las\u00a0<strong>personas<\/strong>\u00a0son el coraz\u00f3n palpitante de nuestro \u00e9xito. Valoramos a cada persona por sus\u00a0<strong>caracter\u00edsticas espec\u00edficas<\/strong>, ofreciendo\u00a0<strong>transparencia, formaci\u00f3n y crecimiento profesional<\/strong>\u00a0a trav\u00e9s de un\u00a0<strong>proceso de on-boarding<\/strong>\u00a0adecuado para alcanzar el rol requerido.<\/p>\n<p>[\/vc_column_text][\/vc_column][\/vc_row][vc_row css=\u00bb.vc_custom_1745421531177{padding-top: 40px !important;}\u00bb][vc_column el_class=\u00bbmini-shrinkcentro hover-h1 mpc-button\u00bb][vc_column_text css=\u00bb.vc_custom_1747219377544{margin-bottom: 15px !important;}\u00bb]<\/p>\n<h1 style=\"text-align: center; font-size: 44px;\">POSICIONES ABIERTAS<\/h1>\n<p>[\/vc_column_text][vc_separator color=\u00bbcustom\u00bb border_width=\u00bb10&#8243; el_width=\u00bb40&#8243; css_animation=\u00bbappear\u00bb css=\u00bb.vc_custom_1747381895669{margin-bottom: 50px !important;}\u00bb accent_color=\u00bb#0E7A3F\u00bb][vc_empty_space height=\u00bb50px\u00bb]<div id=\"mpc_grid_posts_8769ea147ba7f08\" class=\"mpc-grid-posts mpc-init mpc-init mpc-transition mpc-overlay--slide-down mpc-item--fade mpc-layout--style_9  \"  data-grid-cols=\"3\"><div class=\"mpc-grid-sizer\"><\/div><div onclick=\"\" class=\"mpc-post\"><div class=\"mpc-post__wrapper\"><div class=\"mpc-post__content mpc-transition\"><h3 class=\"mpc-post__heading mpc-transition mpc-text-overflow\"><a href=\"https:\/\/fantipackaging.com\/es\/posizione_aperta\/back-office-comercial\/\" title=\"Back Office Comercial\">Back Office Comercial<\/a><\/h3><div class=\"mpc-post__description\">Pa\u00eds:\u00a0Italia<br>\r\nSede operativa:\u00a0Caselecchio di Reno<br>\r\nSector:\u00a0Gesti\u00f3n Comercial<br><\/div><a href=\"https:\/\/fantipackaging.com\/es\/posizione_aperta\/back-office-comercial\/\" title=\"Back Office Comercial\"  class=\"mpc-button mpc-init mpc-transition \" ><div class=\"mpc-button__content mpc-effect-type--stay mpc-effect-side--right\"><span class=\"mpc-button__title mpc-transition\">M\u00e1s informaci\u00f3n<\/span><i class=\"mpc-button__icon mpc-transition  eti eti_arrow_right\"><\/i><\/div><div class=\"mpc-button__background mpc-transition mpc-effect-type--fade mpc-effect-side--in\"><\/div><\/a><\/div><\/div><\/div><\/div>[vc_empty_space height=\u00bb50px\u00bb]<style type=\"text\/css\" data-type=\"the7_shortcodes-inline-css\">#default-btn-ccda19e86cac0d11dd9a9082dfca167f.ico-right-side > i {\n  margin-right: 0px;\n  margin-left: 8px;\n}\n#default-btn-ccda19e86cac0d11dd9a9082dfca167f > i {\n  margin-right: 8px;\n}\n<\/style><div class=\"btn-align-center\"><a href=\"\/es\/posiciones-abiertas\/\" class=\"default-btn-shortcode dt-btn dt-btn-l link-hover-off full-width-btn \" id=\"default-btn-ccda19e86cac0d11dd9a9082dfca167f\"><span>Descubra todas las posiciones abiertas<\/span><\/a><\/div>[\/vc_column][\/vc_row][vc_row css=\u00bb.vc_custom_1745505871331{margin-top: 50px !important;padding-top: 70px !important;}\u00bb][vc_column el_class=\u00bbmini-shrinkcentro hover-h1&#8243;][vc_row_inner][vc_column_inner width=\u00bb1\/4&#8243;][\/vc_column_inner][vc_column_inner width=\u00bb1\/2&#8243;][vc_column_text css=\u00bb.vc_custom_1745826894468{margin-bottom: 15px !important;}\u00bb]<\/p>\n<h1 style=\"text-align: center; font-size: 46px;\">DESCUBRE C\u00d3MO FUNCIONA NUESTRO PROCESO DE SELECCI\u00d3N<\/h1>\n<p>[\/vc_column_text][\/vc_column_inner][vc_column_inner width=\u00bb1\/4&#8243;][\/vc_column_inner][\/vc_row_inner][vc_separator color=\u00bbcustom\u00bb border_width=\u00bb10&#8243; el_width=\u00bb40&#8243; css_animation=\u00bbappear\u00bb css=\u00bb.vc_custom_1747381918877{margin-bottom: 50px !important;}\u00bb accent_color=\u00bb#0E7A3F\u00bb]\n\t\t\t\t<p class=\"rs-p-wp-fix\"><\/p>\n\t\t\t\t<sr7-module data-alias=\"esp\" data-id=\"5\" id=\"SR7_5_1\" class=\"Class rs-ov-hidden\" data-version=\"6.7.52\">\n\t\t\t\t\t<sr7-adjuster><\/sr7-adjuster>\n\t\t\t\t\t<sr7-content>\n\t\t\t\t\t\t<sr7-slide id=\"SR7_5_1-30\" data-key=\"30\">\n\t\t\t\t\t\t\t<sr7-bg id=\"SR7_5_1-30-95\" class=\"sr7-layer\"><noscript><img decoding=\"async\" src=\"https:\/\/fantipackaging.com\/wp-content\/uploads\/2025\/06\/slide1-1-2.jpg\" alt=\"\" title=\"slide1-1\"><\/noscript><\/sr7-bg>\n\t\t\t\t\t\t\t<sr7-txt id=\"SR7_5_1-30-12\" class=\"sr7-layer\">Explora las oportunidades que sea adecuada para ti<\/sr7-txt>\n\t\t\t\t\t\t\t<sr7-txt id=\"SR7_5_1-30-14\" class=\"sr7-layer\">Revisa nuestras ofertas de empleo y encuentra el puesto que mejor se adapta a tus habilidades y aspiraciones. O env\u00eda tu autonominaci\u00f3n espont\u00e1nea<\/sr7-txt>\n\t\t\t\t\t\t\t<sr7-txt id=\"SR7_5_1-30-37\" class=\"sr7-layer\">01<\/sr7-txt>\n\t\t\t\t\t\t\t<sr7-txt id=\"SR7_5_1-30-38\" class=\"sr7-layer\">05<\/sr7-txt>\n\t\t\t\t\t\t<\/sr7-slide>\n\t\t\t\t\t\t<sr7-slide id=\"SR7_5_1-31\" data-key=\"31\">\n\t\t\t\t\t\t\t<sr7-bg id=\"SR7_5_1-31-95\" class=\"sr7-layer\"><noscript><img decoding=\"async\" src=\"https:\/\/fantipackaging.com\/wp-content\/uploads\/2025\/06\/slide2-1.jpg\" alt=\"\" title=\"slide2\"><\/noscript><\/sr7-bg>\n\t\t\t\t\t\t\t<sr7-txt id=\"SR7_5_1-31-12\" class=\"sr7-layer\">Env\u00eda <br \/>\ntu CV <\/sr7-txt>\n\t\t\t\t\t\t\t<sr7-txt id=\"SR7_5_1-31-14\" class=\"sr7-layer\">Env\u00eda tu CV y tu carta de motivaci\u00f3n<\/sr7-txt>\n\t\t\t\t\t\t\t<sr7-txt id=\"SR7_5_1-31-37\" class=\"sr7-layer\">02<\/sr7-txt>\n\t\t\t\t\t\t\t<sr7-txt id=\"SR7_5_1-31-38\" class=\"sr7-layer\">05<\/sr7-txt>\n\t\t\t\t\t\t<\/sr7-slide>\n\t\t\t\t\t\t<sr7-slide id=\"SR7_5_1-32\" data-key=\"32\">\n\t\t\t\t\t\t\t<sr7-bg id=\"SR7_5_1-32-95\" class=\"sr7-layer\"><noscript><img decoding=\"async\" src=\"https:\/\/fantipackaging.com\/wp-content\/uploads\/2025\/06\/slide3-1.jpg\" alt=\"\" title=\"slide3\"><\/noscript><\/sr7-bg>\n\t\t\t\t\t\t\t<sr7-txt id=\"SR7_5_1-32-12\" class=\"sr7-layer\">Entrevista <br \/>\nT\u00e9cnica<\/sr7-txt>\n\t\t\t\t\t\t\t<sr7-txt id=\"SR7_5_1-32-14\" class=\"sr7-layer\">Para entender tus habilidades y c\u00f3mo estas se adaptan mejor a nuestras necesidades.<\/sr7-txt>\n\t\t\t\t\t\t\t<sr7-txt id=\"SR7_5_1-32-37\" class=\"sr7-layer\">03<\/sr7-txt>\n\t\t\t\t\t\t\t<sr7-txt id=\"SR7_5_1-32-38\" class=\"sr7-layer\">05<\/sr7-txt>\n\t\t\t\t\t\t<\/sr7-slide>\n\t\t\t\t\t\t<sr7-slide id=\"SR7_5_1-33\" data-key=\"33\">\n\t\t\t\t\t\t\t<sr7-bg id=\"SR7_5_1-33-95\" class=\"sr7-layer\"><noscript><img decoding=\"async\" src=\"https:\/\/fantipackaging.com\/wp-content\/uploads\/2025\/08\/slide4y.jpg\" alt=\"\" title=\"slide4y\"><\/noscript><\/sr7-bg>\n\t\t\t\t\t\t\t<sr7-txt id=\"SR7_5_1-33-12\" class=\"sr7-layer\">Entrevista con el equipo de RRHH<\/sr7-txt>\n\t\t\t\t\t\t\t<sr7-txt id=\"SR7_5_1-33-14\" class=\"sr7-layer\">Este encuentro nos permite comprender mejor sus intereses, su experiencia y su motivaci\u00f3n. Tambi\u00e9n es una oportunidad para que usted obtenga m\u00e1s informaci\u00f3n. \u00a1Demuestra tu determinaci\u00f3n y deseo de involucrarte completando nuestro test de psicoaptitud!<\/sr7-txt>\n\t\t\t\t\t\t\t<sr7-txt id=\"SR7_5_1-33-37\" class=\"sr7-layer\">04<\/sr7-txt>\n\t\t\t\t\t\t\t<sr7-txt id=\"SR7_5_1-33-38\" class=\"sr7-layer\">05<\/sr7-txt>\n\t\t\t\t\t\t<\/sr7-slide>\n\t\t\t\t\t\t<sr7-slide id=\"SR7_5_1-34\" data-key=\"34\">\n\t\t\t\t\t\t\t<sr7-bg id=\"SR7_5_1-34-95\" class=\"sr7-layer\"><noscript><img decoding=\"async\" src=\"https:\/\/fantipackaging.com\/wp-content\/uploads\/2025\/06\/Slide5.jpg\" alt=\"\" title=\"Slide5\"><\/noscript><\/sr7-bg>\n\t\t\t\t\t\t\t<sr7-txt id=\"SR7_5_1-34-12\" class=\"sr7-layer\">Bienvenido a bordo<\/sr7-txt>\n\t\t\t\t\t\t\t<sr7-txt id=\"SR7_5_1-34-14\" class=\"sr7-layer\">Despu\u00e9s de superar todas las fases de selecci\u00f3n, estamos listos para darte la bienvenida al nuestra Family Soul, Global Vision. <\/sr7-txt>\n\t\t\t\t\t\t\t<sr7-txt id=\"SR7_5_1-34-37\" class=\"sr7-layer\">05<\/sr7-txt>\n\t\t\t\t\t\t\t<sr7-txt id=\"SR7_5_1-34-38\" class=\"sr7-layer\">05<\/sr7-txt>\n\t\t\t\t\t\t<\/sr7-slide>\n\t\t\t\t\t\t<sr7-slide id=\"SR7_5_1-35\" data-key=\"35\">\n\t\t\t\t\t\t<\/sr7-slide>\n\t\t\t\t\t<\/sr7-content>\n\t\t\t\t\t<image_lists style=\"display:none\">\n\t\t\t\t\t\t<img data-src=\"\/\/fantipackaging.com\/wp-content\/uploads\/revslider\/italianjob\/icon1.png\" data-libid=\"6788\" data-lib=\"medialibrary\" title=\"icon1.png\" width=\"0\" height=\"0\" data-dbsrc=\"Ly9mYW50aXBhY2thZ2luZy5jb20vd3AtY29udGVudC91cGxvYWRzL3JldnNsaWRlci9pdGFsaWFuam9iL2ljb24xLnBuZw==\"\/>\n\t\t\t\t\t\t<img data-src=\"\/\/fantipackaging.com\/wp-content\/uploads\/2025\/06\/slide1-1-2.jpg\" data-libid=\"8563\" data-lib=\"medialibrary\" title=\"slide1-1\" width=\"0\" height=\"0\" data-dbsrc=\"Ly9mYW50aXBhY2thZ2luZy5jb20vd3AtY29udGVudC91cGxvYWRzLzIwMjUvMDYvc2xpZGUxLTEtMi5qcGc=\"\/>\n\t\t\t\t\t\t<img data-src=\"\/\/fantipackaging.com\/wp-content\/uploads\/revslider\/italianjob\/icon2.png\" data-libid=\"6796\" data-lib=\"medialibrary\" title=\"icon2.png\" width=\"0\" height=\"0\" data-dbsrc=\"Ly9mYW50aXBhY2thZ2luZy5jb20vd3AtY29udGVudC91cGxvYWRzL3JldnNsaWRlci9pdGFsaWFuam9iL2ljb24yLnBuZw==\"\/>\n\t\t\t\t\t\t<img data-src=\"\/\/fantipackaging.com\/wp-content\/uploads\/2025\/06\/slide2-1.jpg\" data-libid=\"8571\" data-lib=\"medialibrary\" title=\"slide2\" width=\"0\" height=\"0\" data-dbsrc=\"Ly9mYW50aXBhY2thZ2luZy5jb20vd3AtY29udGVudC91cGxvYWRzLzIwMjUvMDYvc2xpZGUyLTEuanBn\"\/>\n\t\t\t\t\t\t<img data-src=\"\/\/fantipackaging.com\/wp-content\/uploads\/revslider\/italianjob\/icon3.png\" data-libid=\"6804\" data-lib=\"medialibrary\" title=\"icon3.png\" width=\"0\" height=\"0\" data-dbsrc=\"Ly9mYW50aXBhY2thZ2luZy5jb20vd3AtY29udGVudC91cGxvYWRzL3JldnNsaWRlci9pdGFsaWFuam9iL2ljb24zLnBuZw==\"\/>\n\t\t\t\t\t\t<img data-src=\"\/\/fantipackaging.com\/wp-content\/uploads\/2025\/06\/slide3-1.jpg\" data-libid=\"8579\" data-lib=\"medialibrary\" title=\"slide3\" width=\"0\" height=\"0\" data-dbsrc=\"Ly9mYW50aXBhY2thZ2luZy5jb20vd3AtY29udGVudC91cGxvYWRzLzIwMjUvMDYvc2xpZGUzLTEuanBn\"\/>\n\t\t\t\t\t\t<img data-src=\"\/\/fantipackaging.com\/wp-content\/uploads\/revslider\/italianjob\/icon4.png\" data-libid=\"6812\" data-lib=\"medialibrary\" title=\"icon4.png\" width=\"0\" height=\"0\" data-dbsrc=\"Ly9mYW50aXBhY2thZ2luZy5jb20vd3AtY29udGVudC91cGxvYWRzL3JldnNsaWRlci9pdGFsaWFuam9iL2ljb240LnBuZw==\"\/>\n\t\t\t\t\t\t<img data-src=\"\/\/fantipackaging.com\/wp-content\/uploads\/2025\/08\/slide4y.jpg\" data-libid=\"8791\" data-lib=\"medialibrary\" title=\"slide4y\" width=\"0\" height=\"0\" data-dbsrc=\"Ly9mYW50aXBhY2thZ2luZy5jb20vd3AtY29udGVudC91cGxvYWRzLzIwMjUvMDgvc2xpZGU0eS5qcGc=\"\/>\n\t\t\t\t\t\t<img data-src=\"\/\/fantipackaging.com\/wp-content\/uploads\/revslider\/italianjob\/icon5.png\" data-libid=\"6820\" data-lib=\"medialibrary\" title=\"icon5.png\" width=\"0\" height=\"0\" data-dbsrc=\"Ly9mYW50aXBhY2thZ2luZy5jb20vd3AtY29udGVudC91cGxvYWRzL3JldnNsaWRlci9pdGFsaWFuam9iL2ljb241LnBuZw==\"\/>\n\t\t\t\t\t\t<img data-src=\"\/\/fantipackaging.com\/wp-content\/uploads\/2025\/06\/Slide5.jpg\" data-libid=\"8634\" data-lib=\"medialibrary\" title=\"Slide5\" width=\"0\" height=\"0\" data-dbsrc=\"Ly9mYW50aXBhY2thZ2luZy5jb20vd3AtY29udGVudC91cGxvYWRzLzIwMjUvMDYvU2xpZGU1LmpwZw==\"\/>\n\t\t\t\t\t<\/image_lists>\n\t\t\t\t<\/sr7-module>\n\t\t\t\t<script>\n\t\t\t\t\twindow.SR7 ??={};SR7.PMH ??={}; SR7.PMH[\"SR7_5_1\"] = {cn:100,state:false,fn: function() { if (window._tpt!==undefined && window._tpt.prepareModuleHeight !== undefined) {  _tpt.prepareModuleHeight({id:\"SR7_5_1\",el:[600,600,768,960,775],type:'standard',shdw:'0',gh:[600,600,768,960,720],gw:[1240,1240,1024,778,480],vpt:['-100px&#039;,&#039;-100px&#039;,&#039;-100px&#039;,&#039;-100px&#039;,&#039;-100px'],size:{fullWidth:false, fullHeight:false},mh:'0',onh:0,onw:0,bg:{color:'{\"orig\":\"transparent\",\"type\":\"solid\",\"string\":\"transparent\"}'}});   SR7.PMH[\"SR7_5_1\"].state=true;} else if(SR7.PMH[\"SR7_5_1\"].cn-->0)\tsetTimeout( SR7.PMH[\"SR7_5_1\"].fn,19);}};SR7.PMH[\"SR7_5_1\" ].fn();\n\t\t\t\t<\/script>\n[\/vc_column][\/vc_row][vc_row css=\u00bb.vc_custom_1745505636244{margin-top: 50px !important;padding-top: 70px !important;}\u00bb][vc_column el_class=\u00bbmini-shrinkcentro hover-h1&#8243;][vc_column_text css=\u00bb.vc_custom_1745841046937{margin-bottom: 15px !important;}\u00bb]<\/p>\n<p style=\"text-align: center;\">Si no encuentras la posici\u00f3n apropiada para ti, env\u00edanos tu<\/p>\n<h1 style=\"text-align: center; font-size: 46px;\">CANDIDATURA ESPONT\u00c1NEA<\/h1>\n<p>[\/vc_column_text][vc_separator color=\u00bbcustom\u00bb border_width=\u00bb10&#8243; el_width=\u00bb40&#8243; css_animation=\u00bbappear\u00bb css=\u00bb.vc_custom_1747381926654{margin-bottom: 50px !important;}\u00bb accent_color=\u00bb#0E7A3F\u00bb]\n<div class=\"wpcf7 no-js\" id=\"wpcf7-f7231-o1\" lang=\"es-ES\" dir=\"ltr\" data-wpcf7-id=\"7231\">\n<div class=\"screen-reader-response\"><p role=\"status\" aria-live=\"polite\" aria-atomic=\"true\"><\/p> <ul><\/ul><\/div>\n<form action=\"\/es\/wp-json\/wp\/v2\/pages\/7127#wpcf7-f7231-o1\" method=\"post\" class=\"wpcf7-form init\" aria-label=\"Formulario de contacto\" enctype=\"multipart\/form-data\" novalidate=\"novalidate\" data-status=\"init\">\n<fieldset class=\"hidden-fields-container\"><input type=\"hidden\" name=\"_wpcf7\" value=\"7231\" \/><input type=\"hidden\" name=\"_wpcf7_version\" value=\"6.1.5\" \/><input type=\"hidden\" name=\"_wpcf7_locale\" value=\"es_ES\" \/><input type=\"hidden\" name=\"_wpcf7_unit_tag\" value=\"wpcf7-f7231-o1\" \/><input type=\"hidden\" name=\"_wpcf7_container_post\" value=\"0\" \/><input type=\"hidden\" name=\"_wpcf7_posted_data_hash\" value=\"\" \/><input type=\"hidden\" name=\"_wpcf7dtx_version\" value=\"5.0.5\" \/>\n<\/fieldset>\n<div class=\"vc_col-sm-6\">\n\t<p>Nombre *<br \/>\n<span class=\"wpcf7-form-control-wrap\" data-name=\"your-name\"><input size=\"40\" maxlength=\"400\" class=\"wpcf7-form-control wpcf7-text wpcf7-validates-as-required\" aria-required=\"true\" aria-invalid=\"false\" value=\"\" type=\"text\" name=\"your-name\" \/><\/span>\n\t<\/p>\n<\/div>\n<div class=\"vc_col-sm-6\">\n\t<p><label> Apellido *<br \/>\n<span class=\"wpcf7-form-control-wrap\" data-name=\"your-surname\"><input size=\"40\" maxlength=\"400\" class=\"wpcf7-form-control wpcf7-text wpcf7-validates-as-required\" aria-required=\"true\" aria-invalid=\"false\" value=\"\" type=\"text\" name=\"your-surname\" \/><\/span> <\/label>\n\t<\/p>\n<\/div>\n<div class=\"vc_col-sm-12\">\n\t<p><label> Email *<br \/>\n<span class=\"wpcf7-form-control-wrap\" data-name=\"your-email\"><input size=\"40\" maxlength=\"400\" class=\"wpcf7-form-control wpcf7-text wpcf7-validates-as-required\" aria-required=\"true\" aria-invalid=\"false\" value=\"\" type=\"text\" name=\"your-email\" \/><\/span> <\/label>\n\t<\/p>\n<\/div>\n<div class=\"vc_col-sm-12\">\n\t<p><label> Sede operativa<br \/>\n<span class=\"wpcf7-form-control-wrap\" data-name=\"select-273\"><select class=\"wpcf7-form-control wpcf7-select\" aria-invalid=\"false\" name=\"select-273\"><option value=\"\">Sin preferencia<\/option><option value=\"Giorgio Fanti (Italia \u2013 Casalecchio di Reno, BO)\">Giorgio Fanti (Italia \u2013 Casalecchio di Reno, BO)<\/option><option value=\"Fanti Plast (Italia \u2013 Gemmano, RN)\">Fanti Plast (Italia \u2013 Gemmano, RN)<\/option><option value=\"Fanti Plast (Italia \u2013 Codogno, LO)\">Fanti Plast (Italia \u2013 Codogno, LO)<\/option><option value=\"Fanti Venegoni (Italia \u2013 Trecate, NO)\">Fanti Venegoni (Italia \u2013 Trecate, NO)<\/option><option value=\"Fanti ICM (Italia \u2013 Montechiarugolo, PR)\">Fanti ICM (Italia \u2013 Montechiarugolo, PR)<\/option><option value=\"Fanti OCM (Italia \u2013 Gruaro, VE)\">Fanti OCM (Italia \u2013 Gruaro, VE)<\/option><option value=\"Fanti USA (Estados Unidos, Weirton)\">Fanti USA (Estados Unidos, Weirton)<\/option><option value=\"Fanti Espa\u00f1a (Espa\u00f1a, Madrid)\">Fanti Espa\u00f1a (Espa\u00f1a, Madrid)<\/option><option value=\"Fanti Romania GII (Ruman\u00eda, Bucarest)\">Fanti Romania GII (Ruman\u00eda, Bucarest)<\/option><option value=\"ICE (Alemania, M\u00fanich)\">ICE (Alemania, M\u00fanich)<\/option><\/select><\/span><\/label>\n\t<\/p>\n<\/div>\n<div class=\"vc_col-sm-12\">\n\t<p><label> Sector que interesa<br \/>\n<span class=\"wpcf7-form-control-wrap\" data-name=\"select-402\"><select class=\"wpcf7-form-control wpcf7-select\" aria-invalid=\"false\" name=\"select-402\"><option value=\"\">Sin preferencia<\/option><option value=\"Oficina de Compras\">Oficina de Compras<\/option><option value=\"Oficina de Administraci\u00f3n, Finanzas y Control\">Oficina de Administraci\u00f3n, Finanzas y Control<\/option><option value=\"Oficina t\u00e9cnica\">Oficina t\u00e9cnica<\/option><option value=\"Oficina comercial\">Oficina comercial<\/option><option value=\"Oficina de RRHH\">Oficina de RRHH<\/option><option value=\"Oficina TIC\">Oficina TIC<\/option><option value=\"\u00c1rea de almac\u00e9n\">\u00c1rea de almac\u00e9n<\/option><option value=\"\u00c1rea de Mantenimiento\">\u00c1rea de Mantenimiento<\/option><option value=\"Area de producci\u00f3n\">Area de producci\u00f3n<\/option><option value=\"\u00c1rea de seguridad\">\u00c1rea de seguridad<\/option><\/select><\/span><\/label>\n\t<\/p>\n<\/div>\n<div class=\"vc_col-sm-12\">\n\t<p><label> Carta de presentaci\u00f3n<br \/>\n<span class=\"wpcf7-form-control-wrap\" data-name=\"textarea-188\"><textarea cols=\"40\" rows=\"10\" maxlength=\"800\" class=\"wpcf7-form-control wpcf7-textarea\" aria-invalid=\"false\" placeholder=\"escribir una breve presentaci\u00f3n personal y profesional, destacando las motivaciones por las cuales desea trabajar en el Grupo Fanti. N\u00famero m\u00e1x. de caracteres: 800.\" name=\"textarea-188\"><\/textarea><\/span><\/label>\n\t<\/p>\n<\/div>\n<div class=\"vc_col-sm-12\">\n\t<p> Curriculum Vitae\n\t<\/p>\n\t<p><span class=\"wpcf7-form-control-wrap dropuploader-35\" style=\"position: static;\"><input size=\"40\" class=\"wpcf7-form-control wpcf7-dropuploader wpcf7-validates-as-required\" accept=\"\" aria-required=\"true\" aria-invalid=\"false\" type=\"file\" name=\"dropuploader-35[]\" multiple=\"multiple\" data-count=\"1\" \/><\/span>\n\t<\/p>\n\t<p style=\"font-size:12px;margin-bottom:5px;\">Es posible cargar archivos en formatos .PDF .DOC .DOCX con un tama\u00f1o m\u00e1ximo de 2MB\n\t<\/p>\n<\/div>\n<div class=\"vc_col-sm-12\">\n\t<p style=\"margin-top:40px;\"><strong>Nota informativa sobre la Privacidad*<\/strong><br \/>\n<span class=\"wpcf7-form-control-wrap\" data-name=\"acceptance-181\"><span class=\"wpcf7-form-control wpcf7-acceptance\"><span class=\"wpcf7-list-item\"><label><input type=\"checkbox\" name=\"acceptance-181\" value=\"1\" aria-invalid=\"false\" \/><span class=\"wpcf7-list-item-label\"><span style=\"font-size:12px\">Otorgo mi consentimiento para el tratamiento de mis datos personales conformemente con lo dispuesto por la normativa vigente sobre privacidad.\u00a0<\/span><\/label><\/span><\/span><\/span>\n\t<\/p>\n<\/div>\n<div class=\"vc_col-sm-12\" style=\"margin-top:40px;\">\n\t<p><input class=\"wpcf7-form-control wpcf7-submit has-spinner btn btn--cta\" type=\"submit\" value=\"ENVIAR CANDIDATURA\" \/>\n\t<\/p>\n<\/div><div class=\"wpcf7-response-output\" aria-hidden=\"true\"><\/div>\n<\/form>\n<\/div>\n[vc_empty_space height=\u00bb50&#8243;][vc_column_text css=\u00bb\u00bb]<\/p>\n<p style=\"text-align: center;\"><strong>Nuestro equipo de RR. HH. examinar\u00e1 atentamente tu candidatura y te contactar\u00e1 si tu perfil coincidir\u00e1 con las caracter\u00edsticas requeridas. Gracias por tu inter\u00e9s respecto de Fanti Packaging y por habernos dedicado tu tiempo.<\/strong><\/p>\n<p>[\/vc_column_text][\/vc_column][\/vc_row]<\/p>\n<\/div>","protected":false},"excerpt":{"rendered":"<p>[vc_row full_width=\u00bbstretch_row_content\u00bb el_class=\u00bbtopimage\u00bb css=\u00bb.vc_custom_1745504685255{background-image: url(https:\/\/fantipackaging.com\/wp-content\/uploads\/2025\/04\/curric.jpg?id=6863) !important;}\u00bb][vc_column][vc_empty_space][\/vc_column][\/vc_row][vc_row css=\u00bb.vc_custom_1745421531177{padding-top: 40px !important;}\u00bb][vc_column el_class=\u00bbmini-shrinkcentro hover-h1&#8243;][vc_column_text css=\u00bb.vc_custom_1745826836541{margin-bottom: 15px !important;}\u00bb] TRABAJA CON NOSOTROS [\/vc_column_text][vc_separator color=\u00bbcustom\u00bb border_width=\u00bb10&#8243; el_width=\u00bb40&#8243; css_animation=\u00bbappear\u00bb css=\u00bb.vc_custom_1747381885326{margin-bottom: 50px !important;}\u00bb accent_color=\u00bb#0E7A3F\u00bb][vc_column_text css=\u00bb.vc_custom_1745826844448{padding-top: 40px !important;padding-bottom: 40px !important;}\u00bb] En Fanti Packaging, creemos que las\u00a0personas\u00a0son el coraz\u00f3n palpitante de nuestro \u00e9xito. Valoramos a cada persona por sus\u00a0caracter\u00edsticas espec\u00edficas, ofreciendo\u00a0transparencia, formaci\u00f3n y crecimiento profesional\u00a0a<\/p>\n","protected":false},"author":1,"featured_media":0,"parent":0,"menu_order":0,"comment_status":"closed","ping_status":"closed","template":"","meta":{"cybocfi_hide_featured_image":"","footnotes":""},"categories":[],"tags":[],"class_list":["post-7127","page","type-page","status-publish","hentry","description-off"],"_links":{"self":[{"href":"https:\/\/fantipackaging.com\/es\/wp-json\/wp\/v2\/pages\/7127","targetHints":{"allow":["GET"]}}],"collection":[{"href":"https:\/\/fantipackaging.com\/es\/wp-json\/wp\/v2\/pages"}],"about":[{"href":"https:\/\/fantipackaging.com\/es\/wp-json\/wp\/v2\/types\/page"}],"author":[{"embeddable":true,"href":"https:\/\/fantipackaging.com\/es\/wp-json\/wp\/v2\/users\/1"}],"replies":[{"embeddable":true,"href":"https:\/\/fantipackaging.com\/es\/wp-json\/wp\/v2\/comments?post=7127"}],"version-history":[{"count":8,"href":"https:\/\/fantipackaging.com\/es\/wp-json\/wp\/v2\/pages\/7127\/revisions"}],"predecessor-version":[{"id":8465,"href":"https:\/\/fantipackaging.com\/es\/wp-json\/wp\/v2\/pages\/7127\/revisions\/8465"}],"wp:attachment":[{"href":"https:\/\/fantipackaging.com\/es\/wp-json\/wp\/v2\/media?parent=7127"}],"wp:term":[{"taxonomy":"category","embeddable":true,"href":"https:\/\/fantipackaging.com\/es\/wp-json\/wp\/v2\/categories?post=7127"},{"taxonomy":"post_tag","embeddable":true,"href":"https:\/\/fantipackaging.com\/es\/wp-json\/wp\/v2\/tags?post=7127"}],"curies":[{"name":"wp","href":"https:\/\/api.w.org\/{rel}","templated":true}]}}